
{"id":25241,"date":"2026-02-26T17:49:10","date_gmt":"2026-02-26T17:49:10","guid":{"rendered":"https:\/\/madagascarinvest.com\/?page_id=25241"},"modified":"2026-03-03T14:10:29","modified_gmt":"2026-03-03T14:10:29","slug":"page-de-demonstration","status":"publish","type":"page","link":"https:\/\/madagascarinvest.com\/fr\/demo-page\/","title":{"rendered":"Page de d\u00e9monstration"},"content":{"rendered":"<div data-elementor-type=\"wp-page\" data-elementor-id=\"25241\" class=\"elementor elementor-25241\" data-elementor-post-type=\"page\">\n\t\t\t\t<div class=\"elementor-element elementor-element-c1b6e08 e-con-full e-flex e-con e-parent\" data-id=\"c1b6e08\" data-element_type=\"container\" data-e-type=\"container\">\n\t\t\t\t<div class=\"elementor-element elementor-element-fda0b92 elementor-widget elementor-widget-html\" data-id=\"fda0b92\" data-element_type=\"widget\" data-e-type=\"widget\" data-widget_type=\"html.default\">\n\t\t\t\t<div class=\"elementor-widget-container\">\n\t\t\t\t\t<style>\r\n\r\n.real-estate-map-container h2 {\r\n    margin-bottom: 10px;\r\n    color: #484c4d;\r\n    text-align: center;\r\n}\r\n\r\n.real-estate-map-container p {\r\n    margin-bottom: 40px;\r\n    color: #484c4d;\r\n    text-align: center;\r\n}\r\n\r\n.property-map-wrapper {\r\n    position: relative;\r\n    width: 100%;\r\n    height: 600px;\r\n    border-radius: 16px;\r\n    overflow: hidden;\r\n    box-shadow: 0 20px 50px rgba(0, 0, 0, 0.08);\r\n    background: #fff;\r\n}\r\n\r\n.property-map-wrapper iframe {\r\n    width: 100%;\r\n    height: 100%;\r\n    border: 0;\r\n}\r\n    \r\n\/* Responsive *\/\r\n@media (max-width: 768px) {\r\n    .property-map-wrapper {\r\n        height: 400px;\r\n    }\r\n\r\n}\r\n<\/style>\r\n\r\n<section class=\"real-estate-map-section\">\r\n    <div class=\"real-estate-map-container\">\r\n        <h2>D\u00e9couvrez nos propri\u00e9t\u00e9s \u00e0 travers Madagascar<\/h2>\r\n        <p>Consultez toutes les propri\u00e9t\u00e9s d&#039;investissement disponibles directement sur la carte interactive ci-dessous.<\/p>\r\n\r\n        <div class=\"property-map-wrapper\">\r\n            <iframe \r\n                src=\"https:\/\/www.google.com\/maps\/d\/embed?mid=1XWs04E0RhGDTWrCeFJdPu-os41oHQ1k&ehbc=2E312F\"\r\n                loading=\"lazy\"\r\n                allowfullscreen>\r\n            <\/iframe>\r\n        <\/div>\r\n    <\/div>\r\n<\/section>\t\t\t\t<\/div>\n\t\t\t\t<\/div>\n\t\t\t\t<\/div>\n\t\t\t\t<\/div>","protected":false},"excerpt":{"rendered":"<p>Explorez nos propri\u00e9t\u00e9s \u00e0 travers Madagascar. Consultez toutes les propri\u00e9t\u00e9s d&#039;investissement disponibles directement sur la carte interactive ci-dessous.<\/p>","protected":false},"author":18,"featured_media":0,"parent":0,"menu_order":0,"comment_status":"closed","ping_status":"closed","template":"","meta":{"footnotes":""},"class_list":["post-25241","page","type-page","status-publish","hentry"],"yoast_head":"<!-- This site is optimized with the Yoast SEO plugin v27.4 - https:\/\/yoast.com\/product\/yoast-seo-wordpress\/ -->\n<title>Demo Page - Madagascar Invest<\/title>\n<meta name=\"robots\" content=\"index, follow, max-snippet:-1, max-image-preview:large, max-video-preview:-1\" \/>\n<link rel=\"canonical\" href=\"https:\/\/madagascarinvest.com\/fr\/page-de-demonstration\/\" \/>\n<meta property=\"og:locale\" content=\"fr_FR\" \/>\n<meta property=\"og:type\" content=\"article\" \/>\n<meta property=\"og:title\" content=\"Demo Page - Madagascar Invest\" \/>\n<meta property=\"og:description\" content=\"Explore Our Properties Across Madagascar Browse all available investment properties directly on the interactive map below.\" \/>\n<meta property=\"og:url\" content=\"https:\/\/madagascarinvest.com\/fr\/page-de-demonstration\/\" \/>\n<meta property=\"og:site_name\" content=\"Madagascar Invest\" \/>\n<meta property=\"article:modified_time\" content=\"2026-03-03T14:10:29+00:00\" \/>\n<meta property=\"og:image\" content=\"https:\/\/madagascarinvest.com\/wp-content\/uploads\/2025\/03\/md.png\" \/>\n\t<meta property=\"og:image:width\" content=\"1320\" \/>\n\t<meta property=\"og:image:height\" content=\"955\" \/>\n\t<meta property=\"og:image:type\" content=\"image\/png\" \/>\n<meta name=\"twitter:card\" content=\"summary_large_image\" \/>\n<meta name=\"twitter:label1\" content=\"Dur\u00e9e de lecture estim\u00e9e\" \/>\n\t<meta name=\"twitter:data1\" content=\"1 minute\" \/>\n<script type=\"application\/ld+json\" class=\"yoast-schema-graph\">{\"@context\":\"https:\\\/\\\/schema.org\",\"@graph\":[{\"@type\":\"WebPage\",\"@id\":\"https:\\\/\\\/madagascarinvest.com\\\/demo-page\\\/\",\"url\":\"https:\\\/\\\/madagascarinvest.com\\\/demo-page\\\/\",\"name\":\"Demo Page - Madagascar Invest\",\"isPartOf\":{\"@id\":\"https:\\\/\\\/madagascarinvest.com\\\/#website\"},\"datePublished\":\"2026-02-26T17:49:10+00:00\",\"dateModified\":\"2026-03-03T14:10:29+00:00\",\"breadcrumb\":{\"@id\":\"https:\\\/\\\/madagascarinvest.com\\\/demo-page\\\/#breadcrumb\"},\"inLanguage\":\"fr-FR\",\"potentialAction\":[{\"@type\":\"ReadAction\",\"target\":[\"https:\\\/\\\/madagascarinvest.com\\\/demo-page\\\/\"]}]},{\"@type\":\"BreadcrumbList\",\"@id\":\"https:\\\/\\\/madagascarinvest.com\\\/demo-page\\\/#breadcrumb\",\"itemListElement\":[{\"@type\":\"ListItem\",\"position\":1,\"name\":\"Home\",\"item\":\"https:\\\/\\\/madagascarinvest.com\\\/\"},{\"@type\":\"ListItem\",\"position\":2,\"name\":\"Demo Page\"}]},{\"@type\":\"WebSite\",\"@id\":\"https:\\\/\\\/madagascarinvest.com\\\/#website\",\"url\":\"https:\\\/\\\/madagascarinvest.com\\\/\",\"name\":\"Madagascar Invest\",\"description\":\"\",\"publisher\":{\"@id\":\"https:\\\/\\\/madagascarinvest.com\\\/#organization\"},\"potentialAction\":[{\"@type\":\"SearchAction\",\"target\":{\"@type\":\"EntryPoint\",\"urlTemplate\":\"https:\\\/\\\/madagascarinvest.com\\\/?s={search_term_string}\"},\"query-input\":{\"@type\":\"PropertyValueSpecification\",\"valueRequired\":true,\"valueName\":\"search_term_string\"}}],\"inLanguage\":\"fr-FR\"},{\"@type\":\"Organization\",\"@id\":\"https:\\\/\\\/madagascarinvest.com\\\/#organization\",\"name\":\"Madagascar Invest\",\"alternateName\":\"MG Invest\",\"url\":\"https:\\\/\\\/madagascarinvest.com\\\/\",\"logo\":{\"@type\":\"ImageObject\",\"inLanguage\":\"fr-FR\",\"@id\":\"https:\\\/\\\/madagascarinvest.com\\\/#\\\/schema\\\/logo\\\/image\\\/\",\"url\":\"https:\\\/\\\/madagascarinvest.com\\\/wp-content\\\/uploads\\\/2024\\\/09\\\/cropped-Madagascar-Invest-Logo-06-scaled-1.jpg\",\"contentUrl\":\"https:\\\/\\\/madagascarinvest.com\\\/wp-content\\\/uploads\\\/2024\\\/09\\\/cropped-Madagascar-Invest-Logo-06-scaled-1.jpg\",\"width\":512,\"height\":512,\"caption\":\"Madagascar Invest\"},\"image\":{\"@id\":\"https:\\\/\\\/madagascarinvest.com\\\/#\\\/schema\\\/logo\\\/image\\\/\"}}]}<\/script>\n<!-- \/ Yoast SEO plugin. -->","yoast_head_json":{"title":"Page de d\u00e9monstration - Investir \u00e0 Madagascar","robots":{"index":"index","follow":"follow","max-snippet":"max-snippet:-1","max-image-preview":"max-image-preview:large","max-video-preview":"max-video-preview:-1"},"canonical":"https:\/\/madagascarinvest.com\/fr\/page-de-demonstration\/","og_locale":"fr_FR","og_type":"article","og_title":"Demo Page - Madagascar Invest","og_description":"Explore Our Properties Across Madagascar Browse all available investment properties directly on the interactive map below.","og_url":"https:\/\/madagascarinvest.com\/fr\/page-de-demonstration\/","og_site_name":"Madagascar Invest","article_modified_time":"2026-03-03T14:10:29+00:00","og_image":[{"width":1320,"height":955,"url":"https:\/\/madagascarinvest.com\/wp-content\/uploads\/2025\/03\/md.png","type":"image\/png"}],"twitter_card":"summary_large_image","twitter_misc":{"Dur\u00e9e de lecture estim\u00e9e":"1 minute"},"schema":{"@context":"https:\/\/schema.org","@graph":[{"@type":"WebPage","@id":"https:\/\/madagascarinvest.com\/demo-page\/","url":"https:\/\/madagascarinvest.com\/demo-page\/","name":"Page de d\u00e9monstration - Investir \u00e0 Madagascar","isPartOf":{"@id":"https:\/\/madagascarinvest.com\/#website"},"datePublished":"2026-02-26T17:49:10+00:00","dateModified":"2026-03-03T14:10:29+00:00","breadcrumb":{"@id":"https:\/\/madagascarinvest.com\/demo-page\/#breadcrumb"},"inLanguage":"fr-FR","potentialAction":[{"@type":"ReadAction","target":["https:\/\/madagascarinvest.com\/demo-page\/"]}]},{"@type":"BreadcrumbList","@id":"https:\/\/madagascarinvest.com\/demo-page\/#breadcrumb","itemListElement":[{"@type":"ListItem","position":1,"name":"Home","item":"https:\/\/madagascarinvest.com\/"},{"@type":"ListItem","position":2,"name":"Demo Page"}]},{"@type":"WebSite","@id":"https:\/\/madagascarinvest.com\/#website","url":"https:\/\/madagascarinvest.com\/","name":"Madagascar Invest","description":"","publisher":{"@id":"https:\/\/madagascarinvest.com\/#organization"},"potentialAction":[{"@type":"SearchAction","target":{"@type":"EntryPoint","urlTemplate":"https:\/\/madagascarinvest.com\/?s={search_term_string}"},"query-input":{"@type":"PropertyValueSpecification","valueRequired":true,"valueName":"search_term_string"}}],"inLanguage":"fr-FR"},{"@type":"Organization","@id":"https:\/\/madagascarinvest.com\/#organization","name":"Madagascar Invest","alternateName":"MG Invest","url":"https:\/\/madagascarinvest.com\/","logo":{"@type":"ImageObject","inLanguage":"fr-FR","@id":"https:\/\/madagascarinvest.com\/#\/schema\/logo\/image\/","url":"https:\/\/madagascarinvest.com\/wp-content\/uploads\/2024\/09\/cropped-Madagascar-Invest-Logo-06-scaled-1.jpg","contentUrl":"https:\/\/madagascarinvest.com\/wp-content\/uploads\/2024\/09\/cropped-Madagascar-Invest-Logo-06-scaled-1.jpg","width":512,"height":512,"caption":"Madagascar Invest"},"image":{"@id":"https:\/\/madagascarinvest.com\/#\/schema\/logo\/image\/"}}]}},"_links":{"self":[{"href":"https:\/\/madagascarinvest.com\/fr\/wp-json\/wp\/v2\/pages\/25241","targetHints":{"allow":["GET"]}}],"collection":[{"href":"https:\/\/madagascarinvest.com\/fr\/wp-json\/wp\/v2\/pages"}],"about":[{"href":"https:\/\/madagascarinvest.com\/fr\/wp-json\/wp\/v2\/types\/page"}],"author":[{"embeddable":true,"href":"https:\/\/madagascarinvest.com\/fr\/wp-json\/wp\/v2\/users\/18"}],"replies":[{"embeddable":true,"href":"https:\/\/madagascarinvest.com\/fr\/wp-json\/wp\/v2\/comments?post=25241"}],"version-history":[{"count":5,"href":"https:\/\/madagascarinvest.com\/fr\/wp-json\/wp\/v2\/pages\/25241\/revisions"}],"predecessor-version":[{"id":25323,"href":"https:\/\/madagascarinvest.com\/fr\/wp-json\/wp\/v2\/pages\/25241\/revisions\/25323"}],"wp:attachment":[{"href":"https:\/\/madagascarinvest.com\/fr\/wp-json\/wp\/v2\/media?parent=25241"}],"curies":[{"name":"wp","href":"https:\/\/api.w.org\/{rel}","templated":true}]}}