{"id":24791,"date":"2026-01-20T18:09:56","date_gmt":"2026-01-20T18:09:56","guid":{"rendered":"https:\/\/madagascarinvest.com\/?page_id=24791"},"modified":"2026-01-28T19:06:47","modified_gmt":"2026-01-28T19:06:47","slug":"carrieres","status":"publish","type":"page","link":"https:\/\/madagascarinvest.com\/fr\/careers\/","title":{"rendered":"Carri\u00e8res"},"content":{"rendered":"<div data-elementor-type=\"wp-page\" data-elementor-id=\"24791\" class=\"elementor elementor-24791\" data-elementor-post-type=\"page\">\n\t\t\t\t<div class=\"elementor-element elementor-element-344ff85 e-flex e-con-boxed e-con e-parent\" data-id=\"344ff85\" data-element_type=\"container\" data-e-type=\"container\">\n\t\t\t\t\t<div class=\"e-con-inner\">\n\t\t<div class=\"elementor-element elementor-element-3baf075 e-con-full e-flex e-con e-child\" data-id=\"3baf075\" data-element_type=\"container\" data-e-type=\"container\">\n\t\t\t\t<div class=\"elementor-element elementor-element-9db33ff elementor-widget elementor-widget-heading\" data-id=\"9db33ff\" data-element_type=\"widget\" data-e-type=\"widget\" data-widget_type=\"heading.default\">\n\t\t\t\t<div class=\"elementor-widget-container\">\n\t\t\t\t\t<h2 class=\"elementor-heading-title elementor-size-default\">Actuellement, nous ne recrutons pas.<\/h2>\t\t\t\t<\/div>\n\t\t\t\t<\/div>\n\t\t\r\n\t\t<div class=\"elementor-element elementor-element-5ecc88f elementor-widget elementor-widget-text-editor\" data-id=\"5ecc88f\" data-element_type=\"widget\" data-e-type=\"widget\" data-widget_type=\"text-editor.default\">\n\t\t\t\t<div class=\"elementor-widget-container\">\n\t\t\t\t\t\t\t\t\t<p>Nous ne recrutons pas activement pour le moment, mais nous sommes toujours ravis d&#039;\u00e9changer avec des personnes talentueuses. N&#039;h\u00e9sitez pas \u00e0 consulter r\u00e9guli\u00e8rement notre site pour d\u00e9couvrir les opportunit\u00e9s \u00e0 venir.<\/p>\t\t\t\t\t\t\t\t<\/div>\n\t\t\t\t<\/div>\n\t\t\t\t<\/div>\n\t\t\t\t\t<\/div>\n\t\t\t\t<\/div>\n\t\t\t\t<\/div>","protected":false},"excerpt":{"rendered":"<p>Nous ne recrutons pas actuellement. Nous ne sommes pas en p\u00e9riode de recrutement active, mais nous sommes toujours ravis d&#039;\u00e9changer avec des personnes talentueuses. N&#039;h\u00e9sitez pas \u00e0 consulter r\u00e9guli\u00e8rement nos offres d&#039;emploi pour d\u00e9couvrir nos opportunit\u00e9s futures.<\/p>","protected":false},"author":18,"featured_media":0,"parent":0,"menu_order":0,"comment_status":"closed","ping_status":"closed","template":"","meta":{"footnotes":""},"class_list":["post-24791","page","type-page","status-publish","hentry"],"yoast_head":"<!-- This site is optimized with the Yoast SEO plugin v27.5 - https:\/\/yoast.com\/product\/yoast-seo-wordpress\/ -->\n<title>Careers - Madagascar Invest<\/title>\n<meta name=\"robots\" content=\"index, follow, max-snippet:-1, max-image-preview:large, max-video-preview:-1\" \/>\n<link rel=\"canonical\" href=\"https:\/\/madagascarinvest.com\/fr\/carrieres\/\" \/>\n<meta property=\"og:locale\" content=\"fr_FR\" \/>\n<meta property=\"og:type\" content=\"article\" \/>\n<meta property=\"og:title\" content=\"Careers - Madagascar Invest\" \/>\n<meta property=\"og:description\" content=\"Currently, we are not hiring We\u2019re not actively hiring at the moment, but we\u2019re always happy to connect with talented people. Please check back later for future opportunities.\" \/>\n<meta property=\"og:url\" content=\"https:\/\/madagascarinvest.com\/fr\/carrieres\/\" \/>\n<meta property=\"og:site_name\" content=\"Madagascar Invest\" \/>\n<meta property=\"article:modified_time\" content=\"2026-01-28T19:06:47+00:00\" \/>\n<meta property=\"og:image\" content=\"https:\/\/madagascarinvest.com\/wp-content\/uploads\/2025\/03\/md.png\" \/>\n\t<meta property=\"og:image:width\" content=\"1320\" \/>\n\t<meta property=\"og:image:height\" content=\"955\" \/>\n\t<meta property=\"og:image:type\" content=\"image\/png\" \/>\n<meta name=\"twitter:card\" content=\"summary_large_image\" \/>\n<meta name=\"twitter:label1\" content=\"Dur\u00e9e de lecture estim\u00e9e\" \/>\n\t<meta name=\"twitter:data1\" content=\"1 minute\" \/>\n<script type=\"application\/ld+json\" class=\"yoast-schema-graph\">{\"@context\":\"https:\\\/\\\/schema.org\",\"@graph\":[{\"@type\":\"WebPage\",\"@id\":\"https:\\\/\\\/madagascarinvest.com\\\/careers\\\/\",\"url\":\"https:\\\/\\\/madagascarinvest.com\\\/careers\\\/\",\"name\":\"Careers - Madagascar Invest\",\"isPartOf\":{\"@id\":\"https:\\\/\\\/madagascarinvest.com\\\/#website\"},\"datePublished\":\"2026-01-20T18:09:56+00:00\",\"dateModified\":\"2026-01-28T19:06:47+00:00\",\"breadcrumb\":{\"@id\":\"https:\\\/\\\/madagascarinvest.com\\\/careers\\\/#breadcrumb\"},\"inLanguage\":\"fr-FR\",\"potentialAction\":[{\"@type\":\"ReadAction\",\"target\":[\"https:\\\/\\\/madagascarinvest.com\\\/careers\\\/\"]}]},{\"@type\":\"BreadcrumbList\",\"@id\":\"https:\\\/\\\/madagascarinvest.com\\\/careers\\\/#breadcrumb\",\"itemListElement\":[{\"@type\":\"ListItem\",\"position\":1,\"name\":\"Home\",\"item\":\"https:\\\/\\\/madagascarinvest.com\\\/\"},{\"@type\":\"ListItem\",\"position\":2,\"name\":\"Careers\"}]},{\"@type\":\"WebSite\",\"@id\":\"https:\\\/\\\/madagascarinvest.com\\\/#website\",\"url\":\"https:\\\/\\\/madagascarinvest.com\\\/\",\"name\":\"Madagascar Invest\",\"description\":\"\",\"publisher\":{\"@id\":\"https:\\\/\\\/madagascarinvest.com\\\/#organization\"},\"potentialAction\":[{\"@type\":\"SearchAction\",\"target\":{\"@type\":\"EntryPoint\",\"urlTemplate\":\"https:\\\/\\\/madagascarinvest.com\\\/?s={search_term_string}\"},\"query-input\":{\"@type\":\"PropertyValueSpecification\",\"valueRequired\":true,\"valueName\":\"search_term_string\"}}],\"inLanguage\":\"fr-FR\"},{\"@type\":\"Organization\",\"@id\":\"https:\\\/\\\/madagascarinvest.com\\\/#organization\",\"name\":\"Madagascar Invest\",\"alternateName\":\"MG Invest\",\"url\":\"https:\\\/\\\/madagascarinvest.com\\\/\",\"logo\":{\"@type\":\"ImageObject\",\"inLanguage\":\"fr-FR\",\"@id\":\"https:\\\/\\\/madagascarinvest.com\\\/#\\\/schema\\\/logo\\\/image\\\/\",\"url\":\"https:\\\/\\\/madagascarinvest.com\\\/wp-content\\\/uploads\\\/2024\\\/09\\\/cropped-Madagascar-Invest-Logo-06-scaled-1.jpg\",\"contentUrl\":\"https:\\\/\\\/madagascarinvest.com\\\/wp-content\\\/uploads\\\/2024\\\/09\\\/cropped-Madagascar-Invest-Logo-06-scaled-1.jpg\",\"width\":512,\"height\":512,\"caption\":\"Madagascar Invest\"},\"image\":{\"@id\":\"https:\\\/\\\/madagascarinvest.com\\\/#\\\/schema\\\/logo\\\/image\\\/\"}}]}<\/script>\n<!-- \/ Yoast SEO plugin. -->","yoast_head_json":{"title":"Carri\u00e8res - Madagascar Invest","robots":{"index":"index","follow":"follow","max-snippet":"max-snippet:-1","max-image-preview":"max-image-preview:large","max-video-preview":"max-video-preview:-1"},"canonical":"https:\/\/madagascarinvest.com\/fr\/carrieres\/","og_locale":"fr_FR","og_type":"article","og_title":"Careers - Madagascar Invest","og_description":"Currently, we are not hiring We\u2019re not actively hiring at the moment, but we\u2019re always happy to connect with talented people. Please check back later for future opportunities.","og_url":"https:\/\/madagascarinvest.com\/fr\/carrieres\/","og_site_name":"Madagascar Invest","article_modified_time":"2026-01-28T19:06:47+00:00","og_image":[{"width":1320,"height":955,"url":"https:\/\/madagascarinvest.com\/wp-content\/uploads\/2025\/03\/md.png","type":"image\/png"}],"twitter_card":"summary_large_image","twitter_misc":{"Dur\u00e9e de lecture estim\u00e9e":"1 minute"},"schema":{"@context":"https:\/\/schema.org","@graph":[{"@type":"WebPage","@id":"https:\/\/madagascarinvest.com\/careers\/","url":"https:\/\/madagascarinvest.com\/careers\/","name":"Carri\u00e8res - Madagascar Invest","isPartOf":{"@id":"https:\/\/madagascarinvest.com\/#website"},"datePublished":"2026-01-20T18:09:56+00:00","dateModified":"2026-01-28T19:06:47+00:00","breadcrumb":{"@id":"https:\/\/madagascarinvest.com\/careers\/#breadcrumb"},"inLanguage":"fr-FR","potentialAction":[{"@type":"ReadAction","target":["https:\/\/madagascarinvest.com\/careers\/"]}]},{"@type":"BreadcrumbList","@id":"https:\/\/madagascarinvest.com\/careers\/#breadcrumb","itemListElement":[{"@type":"ListItem","position":1,"name":"Home","item":"https:\/\/madagascarinvest.com\/"},{"@type":"ListItem","position":2,"name":"Careers"}]},{"@type":"WebSite","@id":"https:\/\/madagascarinvest.com\/#website","url":"https:\/\/madagascarinvest.com\/","name":"Madagascar Invest","description":"","publisher":{"@id":"https:\/\/madagascarinvest.com\/#organization"},"potentialAction":[{"@type":"SearchAction","target":{"@type":"EntryPoint","urlTemplate":"https:\/\/madagascarinvest.com\/?s={search_term_string}"},"query-input":{"@type":"PropertyValueSpecification","valueRequired":true,"valueName":"search_term_string"}}],"inLanguage":"fr-FR"},{"@type":"Organization","@id":"https:\/\/madagascarinvest.com\/#organization","name":"Madagascar Invest","alternateName":"MG Invest","url":"https:\/\/madagascarinvest.com\/","logo":{"@type":"ImageObject","inLanguage":"fr-FR","@id":"https:\/\/madagascarinvest.com\/#\/schema\/logo\/image\/","url":"https:\/\/madagascarinvest.com\/wp-content\/uploads\/2024\/09\/cropped-Madagascar-Invest-Logo-06-scaled-1.jpg","contentUrl":"https:\/\/madagascarinvest.com\/wp-content\/uploads\/2024\/09\/cropped-Madagascar-Invest-Logo-06-scaled-1.jpg","width":512,"height":512,"caption":"Madagascar Invest"},"image":{"@id":"https:\/\/madagascarinvest.com\/#\/schema\/logo\/image\/"}}]}},"_links":{"self":[{"href":"https:\/\/madagascarinvest.com\/fr\/wp-json\/wp\/v2\/pages\/24791","targetHints":{"allow":["GET"]}}],"collection":[{"href":"https:\/\/madagascarinvest.com\/fr\/wp-json\/wp\/v2\/pages"}],"about":[{"href":"https:\/\/madagascarinvest.com\/fr\/wp-json\/wp\/v2\/types\/page"}],"author":[{"embeddable":true,"href":"https:\/\/madagascarinvest.com\/fr\/wp-json\/wp\/v2\/users\/18"}],"replies":[{"embeddable":true,"href":"https:\/\/madagascarinvest.com\/fr\/wp-json\/wp\/v2\/comments?post=24791"}],"version-history":[{"count":5,"href":"https:\/\/madagascarinvest.com\/fr\/wp-json\/wp\/v2\/pages\/24791\/revisions"}],"predecessor-version":[{"id":24893,"href":"https:\/\/madagascarinvest.com\/fr\/wp-json\/wp\/v2\/pages\/24791\/revisions\/24893"}],"wp:attachment":[{"href":"https:\/\/madagascarinvest.com\/fr\/wp-json\/wp\/v2\/media?parent=24791"}],"curies":[{"name":"wp","href":"https:\/\/api.w.org\/{rel}","templated":true}]}}