
{"id":24376,"date":"2025-12-30T19:48:57","date_gmt":"2025-12-30T19:48:57","guid":{"rendered":"https:\/\/madagascarinvest.com\/?page_id=24376"},"modified":"2026-02-16T12:16:45","modified_gmt":"2026-02-16T12:16:45","slug":"guide-immobilier-de-madagascar","status":"publish","type":"page","link":"https:\/\/madagascarinvest.com\/fr\/madagascar-real-estate-handbook\/","title":{"rendered":"Guide immobilier de Madagascar"},"content":{"rendered":"\t\t<div data-elementor-type=\"wp-page\" data-elementor-id=\"24376\" class=\"elementor elementor-24376\" data-elementor-post-type=\"page\">\n\t\t\t\t<div class=\"elementor-element elementor-element-4808495 e-flex e-con-boxed e-con e-parent\" data-id=\"4808495\" data-element_type=\"container\" data-e-type=\"container\">\n\t\t\t\t\t<div class=\"e-con-inner\">\n\t\t<div class=\"elementor-element elementor-element-61e85e1 e-con-full e-flex e-con e-child\" data-id=\"61e85e1\" data-element_type=\"container\" data-e-type=\"container\" data-settings=\"{&quot;background_background&quot;:&quot;classic&quot;}\">\n\t\t\t\t<div class=\"elementor-element elementor-element-6104bc4 elementor-widget elementor-widget-heading\" data-id=\"6104bc4\" data-element_type=\"widget\" data-e-type=\"widget\" data-widget_type=\"heading.default\">\n\t\t\t\t<div class=\"elementor-widget-container\">\n\t\t\t\t\t<h1 class=\"elementor-heading-title elementor-size-default\">Madagascar Real Estate Mastery<\/h1>\t\t\t\t<\/div>\n\t\t\t\t<\/div>\n\t\t\t\t<div class=\"elementor-element elementor-element-c5a6f03 elementor-widget elementor-widget-image\" data-id=\"c5a6f03\" data-element_type=\"widget\" data-e-type=\"widget\" data-widget_type=\"image.default\">\n\t\t\t\t<div class=\"elementor-widget-container\">\n\t\t\t\t\t\t\t\t\t\t\t\t\t\t\t<img decoding=\"async\" src=\"https:\/\/madagascarinvest.com\/wp-content\/uploads\/elementor\/thumbs\/Madagascar-Real-Estate-Mastery-Cover-Mockup-Transparent-Background-1-rj8joust0z46p8fb2jjt1bhtxadxpkx17y1zfi762w.png\" title=\"Madagascar Real Estate Mastery Cover Mockup Transparent Background 1\" alt=\"Cover of the book Madagascar Real Estate Mastery\" loading=\"lazy\" \/>\t\t\t\t\t\t\t\t\t\t\t\t\t\t\t<\/div>\n\t\t\t\t<\/div>\n\t\t\t\t<div class=\"elementor-element elementor-element-a25e1b4 elementor-widget elementor-widget-text-editor\" data-id=\"a25e1b4\" data-element_type=\"widget\" data-e-type=\"widget\" data-widget_type=\"text-editor.default\">\n\t\t\t\t<div class=\"elementor-widget-container\">\n\t\t\t\t\t\t\t\t\t<p><em><strong>Madagascar Real Estate Mastery<\/strong><\/em> is a downloadable PDF ebook which covers all topics related to buying, selling, and profiting from real estate in Madagascar. If you are an aspiring real estate investor or home buyer in Madagascar, this handbook is a must-have.<\/p><p><strong>Enter your email below and receive a copy of Madagascar Real Estate Mastery in your inbox!<\/strong><\/p>\t\t\t\t\t\t\t\t<\/div>\n\t\t\t\t<\/div>\n\t\t\t\t<div class=\"elementor-element elementor-element-253f0fc elementor-widget elementor-widget-wpforms\" data-id=\"253f0fc\" data-element_type=\"widget\" data-e-type=\"widget\" data-widget_type=\"wpforms.default\">\n\t\t\t\t<div class=\"elementor-widget-container\">\n\t\t\t\t\t<style id=\"wpforms-css-vars-elementor-widget-253f0fc\">\n\t\t\t\t.elementor-widget-wpforms.elementor-element-253f0fc {\n\t\t\t\t--wpforms-button-border-radius: 20px;\n--wpforms-button-background-color: #4F7B58;\n--wpforms-button-size-font-size: 20px;\n--wpforms-button-size-height: 48px;\n--wpforms-button-size-padding-h: 20px;\n--wpforms-button-size-margin-top: 15px;\n\t\t\t}\n\t\t\t<\/style><div class=\"wpforms-container wpforms-container-full wpforms-render-modern\" id=\"wpforms-25073\"><form id=\"wpforms-form-25073\" class=\"wpforms-validate wpforms-form wpforms-ajax-form\" data-formid=\"25073\" method=\"post\" enctype=\"multipart\/form-data\" action=\"\/fr\/wp-json\/wp\/v2\/pages\/24376\" data-token=\"f6dca71b9129e6cd24f51af113d68b70\" data-token-time=\"1776466992\"><noscript class=\"wpforms-error-noscript\">Veuillez activer JavaScript dans votre navigateur pour remplir ce formulaire.<\/noscript><div id=\"wpforms-error-noscript\" style=\"display: none;\">Veuillez activer JavaScript dans votre navigateur pour remplir ce formulaire.<\/div><div class=\"wpforms-field-container\">\t\t<div id=\"wpforms-25073-field_1-container\"\n\t\t\tclass=\"wpforms-field wpforms-field-text\"\n\t\t\tdata-field-type=\"text\"\n\t\t\tdata-field-id=\"1\"\n\t\t\t>\n\t\t\t<label class=\"wpforms-field-label\" for=\"wpforms-25073-field_1\" >Email Address<\/label>\n\t\t\t<input type=\"text\" id=\"wpforms-25073-field_1\" class=\"wpforms-field-medium\" name=\"wpforms[fields][1]\" >\n\t\t<\/div>\n\t\t<div id=\"wpforms-25073-field_2-container\" class=\"wpforms-field wpforms-field-email\" data-field-type=\"email\" data-field-id=\"2\"><label class=\"wpforms-field-label\" for=\"wpforms-25073-field_2\">Email Address <span class=\"wpforms-required-label\" aria-hidden=\"true\">*<\/span><\/label><input type=\"email\" id=\"wpforms-25073-field_2\" class=\"wpforms-field-large wpforms-field-required\" name=\"wpforms[fields][2]\" placeholder=\"Email\" spellcheck=\"false\" aria-errormessage=\"wpforms-25073-field_2-error\" aria-describedby=\"wpforms-25073-field_2-description\" required><div id=\"wpforms-25073-field_2-description\" class=\"wpforms-field-description\">Please type your email into the field above<\/div><\/div><script>\n\t\t\t\t( function() {\n\t\t\t\t\tconst style = document.createElement( 'style' );\n\t\t\t\t\tstyle.appendChild( document.createTextNode( '#wpforms-25073-field_1-container { position: absolute !important; overflow: hidden !important; display: inline !important; height: 1px !important; width: 1px !important; z-index: -1000 !important; padding: 0 !important; } #wpforms-25073-field_1-container input { visibility: hidden; } #wpforms-conversational-form-page #wpforms-25073-field_1-container label { counter-increment: none; }' ) );\n\t\t\t\t\tdocument.head.appendChild( style );\n\t\t\t\t\tdocument.currentScript?.remove();\n\t\t\t\t} )();\n\t\t\t<\/script><\/div><!-- .wpforms-field-container --><div class=\"wpforms-recaptcha-container wpforms-is-turnstile\" ><div class=\"wpforms-turnstile\" data-sitekey=\"0x4AAAAAACVDscKH6gmx43Wm\" data-action=\"FormID-25073\"><\/div><input type=\"text\" name=\"g-recaptcha-hidden\" class=\"wpforms-recaptcha-hidden\" style=\"position:absolute!important;clip:rect(0,0,0,0)!important;height:1px!important;width:1px!important;border:0!important;overflow:hidden!important;padding:0!important;margin:0!important;\" data-rule-turnstile=\"1\"><\/div><div class=\"wpforms-submit-container\" ><input type=\"hidden\" name=\"wpforms[id]\" value=\"25073\"><input type=\"hidden\" name=\"page_title\" value=\"\"><input type=\"hidden\" name=\"page_url\" value=\"https:\/\/madagascarinvest.com\/fr\/wp-json\/wp\/v2\/pages\/24376\"><input type=\"hidden\" name=\"url_referer\" value=\"\"><button type=\"submit\" name=\"wpforms[submit]\" id=\"wpforms-submit-25073\" class=\"wpforms-submit\" data-alt-text=\"Sending...\" data-submit-text=\"GET THE EBOOK\" aria-live=\"assertive\" value=\"wpforms-submit\">GET THE EBOOK<\/button><img decoding=\"async\" src=\"https:\/\/madagascarinvest.com\/wp-content\/plugins\/wpforms\/assets\/images\/submit-spin.svg\" class=\"wpforms-submit-spinner\" style=\"display: none;\" width=\"26\" height=\"26\" alt=\"Chargement en cours\"><\/div><\/form><\/div>  <!-- .wpforms-container -->\t\t\t\t<\/div>\n\t\t\t\t<\/div>\n\t\t\t\t<div class=\"elementor-element elementor-element-f4cf4ae elementor-widget elementor-widget-text-editor\" data-id=\"f4cf4ae\" data-element_type=\"widget\" data-e-type=\"widget\" data-widget_type=\"text-editor.default\">\n\t\t\t\t<div class=\"elementor-widget-container\">\n\t\t\t\t\t\t\t\t\t<p><em><span style=\"text-decoration: underline;\">We will never send you any spam, or sell your information to any third parties<\/span><\/em><\/p>\t\t\t\t\t\t\t\t<\/div>\n\t\t\t\t<\/div>\n\t\t\t\t<\/div>\n\t\t\t\t\t<\/div>\n\t\t\t\t<\/div>\n\t\t\t\t<\/div>\n\t\t","protected":false},"excerpt":{"rendered":"<p>Madagascar Real Estate Mastery Madagascar Real Estate Mastery is a downloadable PDF ebook which covers all topics related to buying, selling, and profiting from real estate in Madagascar. If you are an aspiring real estate investor or home buyer in Madagascar, this handbook is a must-have. Enter your email below and receive a copy of&#8230;<\/p>","protected":false},"author":4,"featured_media":0,"parent":0,"menu_order":0,"comment_status":"closed","ping_status":"closed","template":"elementor_header_footer","meta":{"footnotes":""},"class_list":["post-24376","page","type-page","status-publish","hentry"],"yoast_head":"<!-- This site is optimized with the Yoast SEO plugin v27.4 - https:\/\/yoast.com\/product\/yoast-seo-wordpress\/ -->\n<title>Madagascar Real Estate Handbook (Download Free PDF Copy)<\/title>\n<meta name=\"description\" content=\"The Madagascar Real Estate Handbook is a pdf booklet which gives you all the information you need to invest in Madagascar real estate\" \/>\n<meta name=\"robots\" content=\"index, follow, max-snippet:-1, max-image-preview:large, max-video-preview:-1\" \/>\n<link rel=\"canonical\" href=\"https:\/\/madagascarinvest.com\/fr\/guide-immobilier-de-madagascar\/\" \/>\n<meta property=\"og:locale\" content=\"fr_FR\" \/>\n<meta property=\"og:type\" content=\"article\" \/>\n<meta property=\"og:title\" content=\"Madagascar Real Estate Handbook (Download Free PDF Copy)\" \/>\n<meta property=\"og:description\" content=\"The Madagascar Real Estate Handbook is a pdf booklet which gives you all the information you need to invest in Madagascar real estate\" \/>\n<meta property=\"og:url\" content=\"https:\/\/madagascarinvest.com\/fr\/guide-immobilier-de-madagascar\/\" \/>\n<meta property=\"og:site_name\" content=\"Madagascar Invest\" \/>\n<meta property=\"article:modified_time\" content=\"2026-02-16T12:16:45+00:00\" \/>\n<meta property=\"og:image\" content=\"https:\/\/madagascarinvest.com\/wp-content\/uploads\/elementor\/thumbs\/Madagascar-Real-Estate-Mastery-Cover-Mockup-Transparent-Background-1-rj8joust0z46p8fb2jjt1bhtxadxpkx17y1zfi762w.png\" \/>\n<meta name=\"twitter:card\" content=\"summary_large_image\" \/>\n<meta name=\"twitter:label1\" content=\"Dur\u00e9e de lecture estim\u00e9e\" \/>\n\t<meta name=\"twitter:data1\" content=\"1 minute\" \/>\n<script type=\"application\/ld+json\" class=\"yoast-schema-graph\">{\"@context\":\"https:\\\/\\\/schema.org\",\"@graph\":[{\"@type\":\"WebPage\",\"@id\":\"https:\\\/\\\/madagascarinvest.com\\\/madagascar-real-estate-handbook\\\/\",\"url\":\"https:\\\/\\\/madagascarinvest.com\\\/madagascar-real-estate-handbook\\\/\",\"name\":\"Madagascar Real Estate Handbook (Download Free PDF Copy)\",\"isPartOf\":{\"@id\":\"https:\\\/\\\/madagascarinvest.com\\\/#website\"},\"primaryImageOfPage\":{\"@id\":\"https:\\\/\\\/madagascarinvest.com\\\/madagascar-real-estate-handbook\\\/#primaryimage\"},\"image\":{\"@id\":\"https:\\\/\\\/madagascarinvest.com\\\/madagascar-real-estate-handbook\\\/#primaryimage\"},\"thumbnailUrl\":\"https:\\\/\\\/madagascarinvest.com\\\/wp-content\\\/uploads\\\/elementor\\\/thumbs\\\/Madagascar-Real-Estate-Mastery-Cover-Mockup-Transparent-Background-1-rj8joust0z46p8fb2jjt1bhtxadxpkx17y1zfi762w.png\",\"datePublished\":\"2025-12-30T19:48:57+00:00\",\"dateModified\":\"2026-02-16T12:16:45+00:00\",\"description\":\"The Madagascar Real Estate Handbook is a pdf booklet which gives you all the information you need to invest in Madagascar real estate\",\"breadcrumb\":{\"@id\":\"https:\\\/\\\/madagascarinvest.com\\\/madagascar-real-estate-handbook\\\/#breadcrumb\"},\"inLanguage\":\"fr-FR\",\"potentialAction\":[{\"@type\":\"ReadAction\",\"target\":[\"https:\\\/\\\/madagascarinvest.com\\\/madagascar-real-estate-handbook\\\/\"]}]},{\"@type\":\"ImageObject\",\"inLanguage\":\"fr-FR\",\"@id\":\"https:\\\/\\\/madagascarinvest.com\\\/madagascar-real-estate-handbook\\\/#primaryimage\",\"url\":\"https:\\\/\\\/madagascarinvest.com\\\/wp-content\\\/uploads\\\/elementor\\\/thumbs\\\/Madagascar-Real-Estate-Mastery-Cover-Mockup-Transparent-Background-1-rj8joust0z46p8fb2jjt1bhtxadxpkx17y1zfi762w.png\",\"contentUrl\":\"https:\\\/\\\/madagascarinvest.com\\\/wp-content\\\/uploads\\\/elementor\\\/thumbs\\\/Madagascar-Real-Estate-Mastery-Cover-Mockup-Transparent-Background-1-rj8joust0z46p8fb2jjt1bhtxadxpkx17y1zfi762w.png\"},{\"@type\":\"BreadcrumbList\",\"@id\":\"https:\\\/\\\/madagascarinvest.com\\\/madagascar-real-estate-handbook\\\/#breadcrumb\",\"itemListElement\":[{\"@type\":\"ListItem\",\"position\":1,\"name\":\"Home\",\"item\":\"https:\\\/\\\/madagascarinvest.com\\\/\"},{\"@type\":\"ListItem\",\"position\":2,\"name\":\"Madagascar Real Estate Handbook\"}]},{\"@type\":\"WebSite\",\"@id\":\"https:\\\/\\\/madagascarinvest.com\\\/#website\",\"url\":\"https:\\\/\\\/madagascarinvest.com\\\/\",\"name\":\"Madagascar Invest\",\"description\":\"\",\"publisher\":{\"@id\":\"https:\\\/\\\/madagascarinvest.com\\\/#organization\"},\"potentialAction\":[{\"@type\":\"SearchAction\",\"target\":{\"@type\":\"EntryPoint\",\"urlTemplate\":\"https:\\\/\\\/madagascarinvest.com\\\/?s={search_term_string}\"},\"query-input\":{\"@type\":\"PropertyValueSpecification\",\"valueRequired\":true,\"valueName\":\"search_term_string\"}}],\"inLanguage\":\"fr-FR\"},{\"@type\":\"Organization\",\"@id\":\"https:\\\/\\\/madagascarinvest.com\\\/#organization\",\"name\":\"Madagascar Invest\",\"alternateName\":\"MG Invest\",\"url\":\"https:\\\/\\\/madagascarinvest.com\\\/\",\"logo\":{\"@type\":\"ImageObject\",\"inLanguage\":\"fr-FR\",\"@id\":\"https:\\\/\\\/madagascarinvest.com\\\/#\\\/schema\\\/logo\\\/image\\\/\",\"url\":\"https:\\\/\\\/madagascarinvest.com\\\/wp-content\\\/uploads\\\/2024\\\/09\\\/cropped-Madagascar-Invest-Logo-06-scaled-1.jpg\",\"contentUrl\":\"https:\\\/\\\/madagascarinvest.com\\\/wp-content\\\/uploads\\\/2024\\\/09\\\/cropped-Madagascar-Invest-Logo-06-scaled-1.jpg\",\"width\":512,\"height\":512,\"caption\":\"Madagascar Invest\"},\"image\":{\"@id\":\"https:\\\/\\\/madagascarinvest.com\\\/#\\\/schema\\\/logo\\\/image\\\/\"}}]}<\/script>\n<!-- \/ Yoast SEO plugin. -->","yoast_head_json":{"title":"Guide de l&#039;immobilier \u00e0 Madagascar (T\u00e9l\u00e9chargez gratuitement la version PDF)","description":"Le Guide de l&#039;immobilier \u00e0 Madagascar est un livret PDF qui vous fournit toutes les informations n\u00e9cessaires pour investir dans l&#039;immobilier \u00e0 Madagascar.","robots":{"index":"index","follow":"follow","max-snippet":"max-snippet:-1","max-image-preview":"max-image-preview:large","max-video-preview":"max-video-preview:-1"},"canonical":"https:\/\/madagascarinvest.com\/fr\/guide-immobilier-de-madagascar\/","og_locale":"fr_FR","og_type":"article","og_title":"Madagascar Real Estate Handbook (Download Free PDF Copy)","og_description":"The Madagascar Real Estate Handbook is a pdf booklet which gives you all the information you need to invest in Madagascar real estate","og_url":"https:\/\/madagascarinvest.com\/fr\/guide-immobilier-de-madagascar\/","og_site_name":"Madagascar Invest","article_modified_time":"2026-02-16T12:16:45+00:00","og_image":[{"url":"https:\/\/madagascarinvest.com\/wp-content\/uploads\/elementor\/thumbs\/Madagascar-Real-Estate-Mastery-Cover-Mockup-Transparent-Background-1-rj8joust0z46p8fb2jjt1bhtxadxpkx17y1zfi762w.png","type":"","width":"","height":""}],"twitter_card":"summary_large_image","twitter_misc":{"Dur\u00e9e de lecture estim\u00e9e":"1 minute"},"schema":{"@context":"https:\/\/schema.org","@graph":[{"@type":"WebPage","@id":"https:\/\/madagascarinvest.com\/madagascar-real-estate-handbook\/","url":"https:\/\/madagascarinvest.com\/madagascar-real-estate-handbook\/","name":"Guide de l&#039;immobilier \u00e0 Madagascar (T\u00e9l\u00e9chargez gratuitement la version PDF)","isPartOf":{"@id":"https:\/\/madagascarinvest.com\/#website"},"primaryImageOfPage":{"@id":"https:\/\/madagascarinvest.com\/madagascar-real-estate-handbook\/#primaryimage"},"image":{"@id":"https:\/\/madagascarinvest.com\/madagascar-real-estate-handbook\/#primaryimage"},"thumbnailUrl":"https:\/\/madagascarinvest.com\/wp-content\/uploads\/elementor\/thumbs\/Madagascar-Real-Estate-Mastery-Cover-Mockup-Transparent-Background-1-rj8joust0z46p8fb2jjt1bhtxadxpkx17y1zfi762w.png","datePublished":"2025-12-30T19:48:57+00:00","dateModified":"2026-02-16T12:16:45+00:00","description":"Le Guide de l&#039;immobilier \u00e0 Madagascar est un livret PDF qui vous fournit toutes les informations n\u00e9cessaires pour investir dans l&#039;immobilier \u00e0 Madagascar.","breadcrumb":{"@id":"https:\/\/madagascarinvest.com\/madagascar-real-estate-handbook\/#breadcrumb"},"inLanguage":"fr-FR","potentialAction":[{"@type":"ReadAction","target":["https:\/\/madagascarinvest.com\/madagascar-real-estate-handbook\/"]}]},{"@type":"ImageObject","inLanguage":"fr-FR","@id":"https:\/\/madagascarinvest.com\/madagascar-real-estate-handbook\/#primaryimage","url":"https:\/\/madagascarinvest.com\/wp-content\/uploads\/elementor\/thumbs\/Madagascar-Real-Estate-Mastery-Cover-Mockup-Transparent-Background-1-rj8joust0z46p8fb2jjt1bhtxadxpkx17y1zfi762w.png","contentUrl":"https:\/\/madagascarinvest.com\/wp-content\/uploads\/elementor\/thumbs\/Madagascar-Real-Estate-Mastery-Cover-Mockup-Transparent-Background-1-rj8joust0z46p8fb2jjt1bhtxadxpkx17y1zfi762w.png"},{"@type":"BreadcrumbList","@id":"https:\/\/madagascarinvest.com\/madagascar-real-estate-handbook\/#breadcrumb","itemListElement":[{"@type":"ListItem","position":1,"name":"Home","item":"https:\/\/madagascarinvest.com\/"},{"@type":"ListItem","position":2,"name":"Madagascar Real Estate Handbook"}]},{"@type":"WebSite","@id":"https:\/\/madagascarinvest.com\/#website","url":"https:\/\/madagascarinvest.com\/","name":"Madagascar Invest","description":"","publisher":{"@id":"https:\/\/madagascarinvest.com\/#organization"},"potentialAction":[{"@type":"SearchAction","target":{"@type":"EntryPoint","urlTemplate":"https:\/\/madagascarinvest.com\/?s={search_term_string}"},"query-input":{"@type":"PropertyValueSpecification","valueRequired":true,"valueName":"search_term_string"}}],"inLanguage":"fr-FR"},{"@type":"Organization","@id":"https:\/\/madagascarinvest.com\/#organization","name":"Madagascar Invest","alternateName":"MG Invest","url":"https:\/\/madagascarinvest.com\/","logo":{"@type":"ImageObject","inLanguage":"fr-FR","@id":"https:\/\/madagascarinvest.com\/#\/schema\/logo\/image\/","url":"https:\/\/madagascarinvest.com\/wp-content\/uploads\/2024\/09\/cropped-Madagascar-Invest-Logo-06-scaled-1.jpg","contentUrl":"https:\/\/madagascarinvest.com\/wp-content\/uploads\/2024\/09\/cropped-Madagascar-Invest-Logo-06-scaled-1.jpg","width":512,"height":512,"caption":"Madagascar Invest"},"image":{"@id":"https:\/\/madagascarinvest.com\/#\/schema\/logo\/image\/"}}]}},"_links":{"self":[{"href":"https:\/\/madagascarinvest.com\/fr\/wp-json\/wp\/v2\/pages\/24376","targetHints":{"allow":["GET"]}}],"collection":[{"href":"https:\/\/madagascarinvest.com\/fr\/wp-json\/wp\/v2\/pages"}],"about":[{"href":"https:\/\/madagascarinvest.com\/fr\/wp-json\/wp\/v2\/types\/page"}],"author":[{"embeddable":true,"href":"https:\/\/madagascarinvest.com\/fr\/wp-json\/wp\/v2\/users\/4"}],"replies":[{"embeddable":true,"href":"https:\/\/madagascarinvest.com\/fr\/wp-json\/wp\/v2\/comments?post=24376"}],"version-history":[{"count":5,"href":"https:\/\/madagascarinvest.com\/fr\/wp-json\/wp\/v2\/pages\/24376\/revisions"}],"predecessor-version":[{"id":25089,"href":"https:\/\/madagascarinvest.com\/fr\/wp-json\/wp\/v2\/pages\/24376\/revisions\/25089"}],"wp:attachment":[{"href":"https:\/\/madagascarinvest.com\/fr\/wp-json\/wp\/v2\/media?parent=24376"}],"curies":[{"name":"wp","href":"https:\/\/api.w.org\/{rel}","templated":true}]}}