{"id":23223,"date":"2025-07-29T12:16:40","date_gmt":"2025-07-29T12:16:40","guid":{"rendered":"https:\/\/madagascarinvest.com\/?page_id=23223"},"modified":"2026-01-12T16:34:32","modified_gmt":"2026-01-12T16:34:32","slug":"formulaire-dinscription-du-client-pour-lenregistrement-de-lentreprise","status":"publish","type":"page","link":"https:\/\/madagascarinvest.com\/fr\/company-registration-client-intake-form\/","title":{"rendered":"Formulaire d&#039;inscription du client pour l&#039;enregistrement de l&#039;entreprise"},"content":{"rendered":"\t\t<div data-elementor-type=\"wp-page\" data-elementor-id=\"23223\" class=\"elementor elementor-23223\" data-elementor-post-type=\"page\">\n\t\t\t\t<div class=\"elementor-element elementor-element-a35cb97 e-con-full e-flex e-con e-parent\" data-id=\"a35cb97\" data-element_type=\"container\" data-e-type=\"container\">\n\t\t\r\n\t\t<div class=\"elementor-element elementor-element-7d9575a elementor-widget elementor-widget-wpforms\" data-id=\"7d9575a\" data-element_type=\"widget\" data-e-type=\"widget\" data-widget_type=\"wpforms.default\">\n\t\t\t\t<div class=\"elementor-widget-container\">\n\t\t\t\t\t<style id=\"wpforms-css-vars-elementor-widget-7d9575a\">\n\t\t\t\t.elementor-widget-wpforms.elementor-element-7d9575a {\n\t\t\t\t--wpforms-field-border-radius: 4px;\n--wpforms-field-border-color: #e6e6e4;\n--wpforms-field-border-color-spare: #e6e6e4;\n--wpforms-field-text-color: #7d7d7d;\n--wpforms-field-menu-color: #ecf0f3;\n--wpforms-label-color: #7d7d7d;\n--wpforms-label-sublabel-color: #7d7d7d;\n--wpforms-button-border-radius: 4px;\n--wpforms-button-background-color: #7d7d7d;\n--wpforms-button-border-color: #7d7d7d;\n--wpforms-container-padding: 60px;\n--wpforms-container-border-style: solid;\n--wpforms-container-border-width: 10px;\n--wpforms-container-border-radius: 30px;\n--wpforms-container-border-color: #e6e6e4;\n--wpforms-background-image: stock;\n--wpforms-background-url: url( https:\/\/madagascarinvest.com\/wp-content\/uploads\/wpforms\/themes\/stock-photos\/alyssa-hurley-yekIZ4ltv1o-unsplash.jpg );\n--wpforms-background-color: #ecf0f3;\n--wpforms-page-break-color: #7d7d7d;\n\t\t\t}\n\t\t\t<\/style><div class=\"wpforms-container wpforms-container-full wpforms-render-modern\" id=\"wpforms-23110\"><form id=\"wpforms-form-23110\" class=\"wpforms-validate wpforms-form wpforms-ajax-form\" data-formid=\"23110\" method=\"post\" enctype=\"multipart\/form-data\" action=\"\/fr\/wp-json\/wp\/v2\/pages\/23223\" data-token=\"fb996ab56e4e7018335d90a67611b495\" data-token-time=\"1777510865\"><div class=\"wpforms-head-container\"><div class=\"wpforms-title\">Company Registration - Contact Information<\/div><div class=\"wpforms-description\">Dear client we thank you for choosing to set up your company with Madagascar Invest. Please provide your contact details, so that we may send your customized company setup quote to you.<\/div><\/div><noscript class=\"wpforms-error-noscript\">Veuillez activer JavaScript dans votre navigateur pour remplir ce formulaire.<\/noscript><div id=\"wpforms-error-noscript\" style=\"display: none;\">Veuillez activer JavaScript dans votre navigateur pour remplir ce formulaire.<\/div><div class=\"wpforms-field-container\"><div id=\"wpforms-23110-field_1003-container\" class=\"wpforms-field wpforms-field-name\" data-field-type=\"name\" data-field-id=\"1003\"><fieldset><legend class=\"wpforms-field-label\">Full name <span class=\"wpforms-required-label\" aria-hidden=\"true\">*<\/span><\/legend><div class=\"wpforms-field-row wpforms-field-medium\"><div class=\"wpforms-field-row-block wpforms-first wpforms-one-half\"><input type=\"text\" id=\"wpforms-23110-field_1003\" class=\"wpforms-field-name-first wpforms-field-required\" name=\"wpforms[fields][1003][first]\" aria-errormessage=\"wpforms-23110-field_1003-error\" required><label for=\"wpforms-23110-field_1003\" class=\"wpforms-field-sublabel after\">Pr\u00e9nom<\/label><\/div><div class=\"wpforms-field-row-block wpforms-one-half\"><input type=\"text\" id=\"wpforms-23110-field_1003-last\" class=\"wpforms-field-name-last wpforms-field-required\" name=\"wpforms[fields][1003][last]\" aria-errormessage=\"wpforms-23110-field_1003-last-error\" required><label for=\"wpforms-23110-field_1003-last\" class=\"wpforms-field-sublabel after\">Nom<\/label><\/div><\/div><\/fieldset><\/div><div id=\"wpforms-23110-field_1004-container\" class=\"wpforms-field wpforms-field-email\" data-field-type=\"email\" data-field-id=\"1004\"><label class=\"wpforms-field-label\" for=\"wpforms-23110-field_1004\">Email <span class=\"wpforms-required-label\" aria-hidden=\"true\">*<\/span><\/label><input type=\"email\" id=\"wpforms-23110-field_1004\" class=\"wpforms-field-medium wpforms-field-required\" name=\"wpforms[fields][1004]\" spellcheck=\"false\" aria-errormessage=\"wpforms-23110-field_1004-error\" required><\/div>\t\t<div id=\"wpforms-23110-field_1-container\"\n\t\t\tclass=\"wpforms-field wpforms-field-text\"\n\t\t\tdata-field-type=\"text\"\n\t\t\tdata-field-id=\"1\"\n\t\t\t>\n\t\t\t<label class=\"wpforms-field-label\" for=\"wpforms-23110-field_1\" >Full Phone number<\/label>\n\t\t\t<input type=\"text\" id=\"wpforms-23110-field_1\" class=\"wpforms-field-medium\" name=\"wpforms[fields][1]\" >\n\t\t<\/div>\n\t\t<div id=\"wpforms-23110-field_1005-container\" class=\"wpforms-field wpforms-field-phone\" data-field-type=\"phone\" data-field-id=\"1005\"><label class=\"wpforms-field-label\" for=\"wpforms-23110-field_1005\">Phone number <span class=\"wpforms-required-label\" aria-hidden=\"true\">*<\/span><\/label><input type=\"tel\" id=\"wpforms-23110-field_1005\" class=\"wpforms-field-medium wpforms-field-required wpforms-smart-phone-field\" data-rule-smart-phone-field=\"true\" name=\"wpforms[fields][1005]\" aria-label=\"Phone number\" aria-errormessage=\"wpforms-23110-field_1005-error\" required><\/div><script>\n\t\t\t\t( function() {\n\t\t\t\t\tconst style = document.createElement( 'style' );\n\t\t\t\t\tstyle.appendChild( document.createTextNode( '#wpforms-23110-field_1-container { position: absolute !important; overflow: hidden !important; display: inline !important; height: 1px !important; width: 1px !important; z-index: -1000 !important; padding: 0 !important; } #wpforms-23110-field_1-container input { visibility: hidden; } #wpforms-conversational-form-page #wpforms-23110-field_1-container label { counter-increment: none; }' ) );\n\t\t\t\t\tdocument.head.appendChild( style );\n\t\t\t\t\tdocument.currentScript?.remove();\n\t\t\t\t} )();\n\t\t\t<\/script><\/div><!-- .wpforms-field-container --><div class=\"wpforms-recaptcha-container wpforms-is-turnstile\" ><div class=\"wpforms-turnstile\" data-sitekey=\"0x4AAAAAACVDscKH6gmx43Wm\" data-action=\"FormID-23110\"><\/div><input type=\"text\" name=\"g-recaptcha-hidden\" class=\"wpforms-recaptcha-hidden\" style=\"position:absolute!important;clip:rect(0,0,0,0)!important;height:1px!important;width:1px!important;border:0!important;overflow:hidden!important;padding:0!important;margin:0!important;\" data-rule-turnstile=\"1\"><\/div><div class=\"wpforms-submit-container\" ><input type=\"hidden\" name=\"wpforms[id]\" value=\"23110\"><input type=\"hidden\" name=\"page_title\" value=\"\"><input type=\"hidden\" name=\"page_url\" value=\"https:\/\/madagascarinvest.com\/fr\/wp-json\/wp\/v2\/pages\/23223\"><input type=\"hidden\" name=\"url_referer\" value=\"\"><button type=\"submit\" name=\"wpforms[submit]\" id=\"wpforms-submit-23110\" class=\"wpforms-submit\" data-alt-text=\"Sending...\" data-submit-text=\"Continue\" aria-live=\"assertive\" value=\"wpforms-submit\">Continue<\/button><img decoding=\"async\" src=\"https:\/\/madagascarinvest.com\/wp-content\/plugins\/wpforms\/assets\/images\/submit-spin.svg\" class=\"wpforms-submit-spinner\" style=\"display: none;\" width=\"26\" height=\"26\" alt=\"Chargement en cours\"><\/div><\/form><\/div>  <!-- .wpforms-container -->\t\t\t\t<\/div>\n\t\t\t\t<\/div>\n\t\t\t\t<\/div>\n\t\t\t\t<\/div>\n\t\t","protected":false},"excerpt":{"rendered":"<p>Enregistrement de soci\u00e9t\u00e9 \u2013 Coordonn\u00e9es. Cher client, nous vous remercions d&#039;avoir choisi Madagascar Invest pour cr\u00e9er votre entreprise. Veuillez indiquer vos coordonn\u00e9es afin que nous puissions vous envoyer un devis personnalis\u00e9 pour la cr\u00e9ation de votre entreprise. Veuillez activer JavaScript dans votre navigateur pour remplir ce formulaire.<\/p>","protected":false},"author":4,"featured_media":0,"parent":0,"menu_order":0,"comment_status":"closed","ping_status":"closed","template":"elementor_header_footer","meta":{"footnotes":""},"class_list":["post-23223","page","type-page","status-publish","hentry"],"yoast_head":"<!-- This site is optimized with the Yoast SEO plugin v27.5 - https:\/\/yoast.com\/product\/yoast-seo-wordpress\/ -->\n<title>Company Registration Client Intake Form - Madagascar Invest<\/title>\n<meta name=\"robots\" content=\"index, follow, max-snippet:-1, max-image-preview:large, max-video-preview:-1\" \/>\n<link rel=\"canonical\" href=\"https:\/\/madagascarinvest.com\/fr\/formulaire-dinscription-du-client-pour-lenregistrement-de-lentreprise\/\" \/>\n<meta property=\"og:locale\" content=\"fr_FR\" \/>\n<meta property=\"og:type\" content=\"article\" \/>\n<meta property=\"og:title\" content=\"Company Registration Client Intake Form - Madagascar Invest\" \/>\n<meta property=\"og:description\" content=\"Company Registration &#8211; Contact InformationDear client we thank you for choosing to set up your company with Madagascar Invest. Please provide your contact details, so that we may send your customized company setup quote to you.Please enable JavaScript in your browser to complete this form.Please enable JavaScript in your browser to complete this form. Full...\" \/>\n<meta property=\"og:url\" content=\"https:\/\/madagascarinvest.com\/fr\/formulaire-dinscription-du-client-pour-lenregistrement-de-lentreprise\/\" \/>\n<meta property=\"og:site_name\" content=\"Madagascar Invest\" \/>\n<meta property=\"article:modified_time\" content=\"2026-01-12T16:34:32+00:00\" \/>\n<meta property=\"og:image\" content=\"https:\/\/madagascarinvest.com\/wp-content\/plugins\/wpforms\/assets\/images\/submit-spin.svg\" \/>\n<meta name=\"twitter:card\" content=\"summary_large_image\" \/>\n<meta name=\"twitter:label1\" content=\"Dur\u00e9e de lecture estim\u00e9e\" \/>\n\t<meta name=\"twitter:data1\" content=\"1 minute\" \/>\n<script type=\"application\/ld+json\" class=\"yoast-schema-graph\">{\"@context\":\"https:\\\/\\\/schema.org\",\"@graph\":[{\"@type\":\"WebPage\",\"@id\":\"https:\\\/\\\/madagascarinvest.com\\\/company-registration-client-intake-form\\\/\",\"url\":\"https:\\\/\\\/madagascarinvest.com\\\/company-registration-client-intake-form\\\/\",\"name\":\"Company Registration Client Intake Form - Madagascar Invest\",\"isPartOf\":{\"@id\":\"https:\\\/\\\/madagascarinvest.com\\\/#website\"},\"primaryImageOfPage\":{\"@id\":\"https:\\\/\\\/madagascarinvest.com\\\/company-registration-client-intake-form\\\/#primaryimage\"},\"image\":{\"@id\":\"https:\\\/\\\/madagascarinvest.com\\\/company-registration-client-intake-form\\\/#primaryimage\"},\"thumbnailUrl\":\"https:\\\/\\\/madagascarinvest.com\\\/wp-content\\\/plugins\\\/wpforms\\\/assets\\\/images\\\/submit-spin.svg\",\"datePublished\":\"2025-07-29T12:16:40+00:00\",\"dateModified\":\"2026-01-12T16:34:32+00:00\",\"breadcrumb\":{\"@id\":\"https:\\\/\\\/madagascarinvest.com\\\/company-registration-client-intake-form\\\/#breadcrumb\"},\"inLanguage\":\"fr-FR\",\"potentialAction\":[{\"@type\":\"ReadAction\",\"target\":[\"https:\\\/\\\/madagascarinvest.com\\\/company-registration-client-intake-form\\\/\"]}]},{\"@type\":\"ImageObject\",\"inLanguage\":\"fr-FR\",\"@id\":\"https:\\\/\\\/madagascarinvest.com\\\/company-registration-client-intake-form\\\/#primaryimage\",\"url\":\"https:\\\/\\\/madagascarinvest.com\\\/wp-content\\\/plugins\\\/wpforms\\\/assets\\\/images\\\/submit-spin.svg\",\"contentUrl\":\"https:\\\/\\\/madagascarinvest.com\\\/wp-content\\\/plugins\\\/wpforms\\\/assets\\\/images\\\/submit-spin.svg\"},{\"@type\":\"BreadcrumbList\",\"@id\":\"https:\\\/\\\/madagascarinvest.com\\\/company-registration-client-intake-form\\\/#breadcrumb\",\"itemListElement\":[{\"@type\":\"ListItem\",\"position\":1,\"name\":\"Home\",\"item\":\"https:\\\/\\\/madagascarinvest.com\\\/\"},{\"@type\":\"ListItem\",\"position\":2,\"name\":\"Company Registration Client Intake Form\"}]},{\"@type\":\"WebSite\",\"@id\":\"https:\\\/\\\/madagascarinvest.com\\\/#website\",\"url\":\"https:\\\/\\\/madagascarinvest.com\\\/\",\"name\":\"Madagascar Invest\",\"description\":\"\",\"publisher\":{\"@id\":\"https:\\\/\\\/madagascarinvest.com\\\/#organization\"},\"potentialAction\":[{\"@type\":\"SearchAction\",\"target\":{\"@type\":\"EntryPoint\",\"urlTemplate\":\"https:\\\/\\\/madagascarinvest.com\\\/?s={search_term_string}\"},\"query-input\":{\"@type\":\"PropertyValueSpecification\",\"valueRequired\":true,\"valueName\":\"search_term_string\"}}],\"inLanguage\":\"fr-FR\"},{\"@type\":\"Organization\",\"@id\":\"https:\\\/\\\/madagascarinvest.com\\\/#organization\",\"name\":\"Madagascar Invest\",\"alternateName\":\"MG Invest\",\"url\":\"https:\\\/\\\/madagascarinvest.com\\\/\",\"logo\":{\"@type\":\"ImageObject\",\"inLanguage\":\"fr-FR\",\"@id\":\"https:\\\/\\\/madagascarinvest.com\\\/#\\\/schema\\\/logo\\\/image\\\/\",\"url\":\"https:\\\/\\\/madagascarinvest.com\\\/wp-content\\\/uploads\\\/2024\\\/09\\\/cropped-Madagascar-Invest-Logo-06-scaled-1.jpg\",\"contentUrl\":\"https:\\\/\\\/madagascarinvest.com\\\/wp-content\\\/uploads\\\/2024\\\/09\\\/cropped-Madagascar-Invest-Logo-06-scaled-1.jpg\",\"width\":512,\"height\":512,\"caption\":\"Madagascar Invest\"},\"image\":{\"@id\":\"https:\\\/\\\/madagascarinvest.com\\\/#\\\/schema\\\/logo\\\/image\\\/\"}}]}<\/script>\n<!-- \/ Yoast SEO plugin. -->","yoast_head_json":{"title":"Formulaire d&#039;inscription d&#039;entreprise - Madagascar Invest","robots":{"index":"index","follow":"follow","max-snippet":"max-snippet:-1","max-image-preview":"max-image-preview:large","max-video-preview":"max-video-preview:-1"},"canonical":"https:\/\/madagascarinvest.com\/fr\/formulaire-dinscription-du-client-pour-lenregistrement-de-lentreprise\/","og_locale":"fr_FR","og_type":"article","og_title":"Company Registration Client Intake Form - Madagascar Invest","og_description":"Company Registration &#8211; Contact InformationDear client we thank you for choosing to set up your company with Madagascar Invest. Please provide your contact details, so that we may send your customized company setup quote to you.Please enable JavaScript in your browser to complete this form.Please enable JavaScript in your browser to complete this form. Full...","og_url":"https:\/\/madagascarinvest.com\/fr\/formulaire-dinscription-du-client-pour-lenregistrement-de-lentreprise\/","og_site_name":"Madagascar Invest","article_modified_time":"2026-01-12T16:34:32+00:00","og_image":[{"url":"https:\/\/madagascarinvest.com\/wp-content\/plugins\/wpforms\/assets\/images\/submit-spin.svg","type":"","width":"","height":""}],"twitter_card":"summary_large_image","twitter_misc":{"Dur\u00e9e de lecture estim\u00e9e":"1 minute"},"schema":{"@context":"https:\/\/schema.org","@graph":[{"@type":"WebPage","@id":"https:\/\/madagascarinvest.com\/company-registration-client-intake-form\/","url":"https:\/\/madagascarinvest.com\/company-registration-client-intake-form\/","name":"Formulaire d&#039;inscription d&#039;entreprise - Madagascar Invest","isPartOf":{"@id":"https:\/\/madagascarinvest.com\/#website"},"primaryImageOfPage":{"@id":"https:\/\/madagascarinvest.com\/company-registration-client-intake-form\/#primaryimage"},"image":{"@id":"https:\/\/madagascarinvest.com\/company-registration-client-intake-form\/#primaryimage"},"thumbnailUrl":"https:\/\/madagascarinvest.com\/wp-content\/plugins\/wpforms\/assets\/images\/submit-spin.svg","datePublished":"2025-07-29T12:16:40+00:00","dateModified":"2026-01-12T16:34:32+00:00","breadcrumb":{"@id":"https:\/\/madagascarinvest.com\/company-registration-client-intake-form\/#breadcrumb"},"inLanguage":"fr-FR","potentialAction":[{"@type":"ReadAction","target":["https:\/\/madagascarinvest.com\/company-registration-client-intake-form\/"]}]},{"@type":"ImageObject","inLanguage":"fr-FR","@id":"https:\/\/madagascarinvest.com\/company-registration-client-intake-form\/#primaryimage","url":"https:\/\/madagascarinvest.com\/wp-content\/plugins\/wpforms\/assets\/images\/submit-spin.svg","contentUrl":"https:\/\/madagascarinvest.com\/wp-content\/plugins\/wpforms\/assets\/images\/submit-spin.svg"},{"@type":"BreadcrumbList","@id":"https:\/\/madagascarinvest.com\/company-registration-client-intake-form\/#breadcrumb","itemListElement":[{"@type":"ListItem","position":1,"name":"Home","item":"https:\/\/madagascarinvest.com\/"},{"@type":"ListItem","position":2,"name":"Company Registration Client Intake Form"}]},{"@type":"WebSite","@id":"https:\/\/madagascarinvest.com\/#website","url":"https:\/\/madagascarinvest.com\/","name":"Madagascar Invest","description":"","publisher":{"@id":"https:\/\/madagascarinvest.com\/#organization"},"potentialAction":[{"@type":"SearchAction","target":{"@type":"EntryPoint","urlTemplate":"https:\/\/madagascarinvest.com\/?s={search_term_string}"},"query-input":{"@type":"PropertyValueSpecification","valueRequired":true,"valueName":"search_term_string"}}],"inLanguage":"fr-FR"},{"@type":"Organization","@id":"https:\/\/madagascarinvest.com\/#organization","name":"Madagascar Invest","alternateName":"MG Invest","url":"https:\/\/madagascarinvest.com\/","logo":{"@type":"ImageObject","inLanguage":"fr-FR","@id":"https:\/\/madagascarinvest.com\/#\/schema\/logo\/image\/","url":"https:\/\/madagascarinvest.com\/wp-content\/uploads\/2024\/09\/cropped-Madagascar-Invest-Logo-06-scaled-1.jpg","contentUrl":"https:\/\/madagascarinvest.com\/wp-content\/uploads\/2024\/09\/cropped-Madagascar-Invest-Logo-06-scaled-1.jpg","width":512,"height":512,"caption":"Madagascar Invest"},"image":{"@id":"https:\/\/madagascarinvest.com\/#\/schema\/logo\/image\/"}}]}},"_links":{"self":[{"href":"https:\/\/madagascarinvest.com\/fr\/wp-json\/wp\/v2\/pages\/23223","targetHints":{"allow":["GET"]}}],"collection":[{"href":"https:\/\/madagascarinvest.com\/fr\/wp-json\/wp\/v2\/pages"}],"about":[{"href":"https:\/\/madagascarinvest.com\/fr\/wp-json\/wp\/v2\/types\/page"}],"author":[{"embeddable":true,"href":"https:\/\/madagascarinvest.com\/fr\/wp-json\/wp\/v2\/users\/4"}],"replies":[{"embeddable":true,"href":"https:\/\/madagascarinvest.com\/fr\/wp-json\/wp\/v2\/comments?post=23223"}],"version-history":[{"count":5,"href":"https:\/\/madagascarinvest.com\/fr\/wp-json\/wp\/v2\/pages\/23223\/revisions"}],"predecessor-version":[{"id":24643,"href":"https:\/\/madagascarinvest.com\/fr\/wp-json\/wp\/v2\/pages\/23223\/revisions\/24643"}],"wp:attachment":[{"href":"https:\/\/madagascarinvest.com\/fr\/wp-json\/wp\/v2\/media?parent=23223"}],"curies":[{"name":"wp","href":"https:\/\/api.w.org\/{rel}","templated":true}]}}