
{"id":21611,"date":"2024-11-16T09:51:39","date_gmt":"2024-11-16T09:51:39","guid":{"rendered":"https:\/\/madagascarinvest.com\/?page_id=21611"},"modified":"2026-01-12T18:11:13","modified_gmt":"2026-01-12T18:11:13","slug":"politique-de-remboursement","status":"publish","type":"page","link":"https:\/\/madagascarinvest.com\/fr\/refund-policy\/","title":{"rendered":"Politique de remboursement"},"content":{"rendered":"<div data-elementor-type=\"wp-page\" data-elementor-id=\"21611\" class=\"elementor elementor-21611\" data-elementor-post-type=\"page\">\n\t\t\t\t<div class=\"elementor-element elementor-element-2ad7d47c e-flex e-con-boxed e-con e-parent\" data-id=\"2ad7d47c\" data-element_type=\"container\" data-e-type=\"container\">\n\t\t\t\t\t<div class=\"e-con-inner\">\n\t\t\t\t<div class=\"elementor-element elementor-element-b7383d9 elementor-widget elementor-widget-text-editor\" data-id=\"b7383d9\" data-element_type=\"widget\" data-e-type=\"widget\" data-widget_type=\"text-editor.default\">\n\t\t\t\t<div class=\"elementor-widget-container\">\n\t\t\t\t\t\t\t\t\t<h4>Politique de remboursement pour Madagascar Invest<\/h4><p>Chez Madagascar Invest, nous nous engageons \u00e0 garantir la satisfaction de nos clients. Veuillez consulter les conditions suivantes de notre politique de remboursement\u00a0:<\/p><hr \/><h4><strong>Politique de remboursement de 7 jours sans poser de questions<\/strong><\/h4><p>Les clients peuvent demander un remboursement complet dans les 7 jours suivant le paiement sans fournir de raison.<\/p><hr \/><h4><strong>Remboursements apr\u00e8s 7 jours<\/strong><\/h4><p>Les remboursements apr\u00e8s 7 jours sont possibles pour les services que nous ne pouvons pas fournir. Cependant, tous les frais non r\u00e9cup\u00e9rables engag\u00e9s par Madagascar Invest (par exemple, frais administratifs, taxes gouvernementales) seront d\u00e9duits du montant du remboursement.<\/p><hr \/><h4><strong>Garantie de satisfaction<\/strong><\/h4><p>Si nos clients ne sont pas enti\u00e8rement satisfaits de nos services, ils peuvent demander un r\u00e9examen de leur dossier. Des remboursements ou des solutions alternatives pourront \u00eatre propos\u00e9s, \u00e0 notre discr\u00e9tion, selon la nature du probl\u00e8me.<\/p><hr \/><h4><strong>Conditions de remboursement<\/strong><\/h4><p>Les remboursements sont soumis aux conditions suivantes :<\/p><ul><li><b>Les demandes de remboursement doivent \u00eatre soumises par \u00e9crit \u00e0 notre service client.<\/b><\/li><li><b>Les remboursements ne s&#039;appliquent qu&#039;aux services qui n&#039;ont pas \u00e9t\u00e9 effectu\u00e9s ou livr\u00e9s comme convenu.<\/b><\/li><li><b>Les clients doivent fournir toute la documentation requise pour faciliter le processus de remboursement.<\/b><\/li><\/ul><hr \/><h4><strong>Exclusions<\/strong><\/h4><p>Les remboursements ne sont pas applicables pour :<\/p><ul><li><b>Situations dans lesquelles le client ne fournit pas les documents ou les informations n\u00e9cessaires en temps opportun, ce qui entra\u00eene des retards ou l\u2019impossibilit\u00e9 de fournir les services.<\/b><\/li><li><b>Services affect\u00e9s par des d\u00e9cisions gouvernementales, telles que des changements de politique ou des rejets, qui \u00e9chappent au contr\u00f4le de Madagascar Invest.<\/b><\/li><\/ul><hr \/><h4><strong>Traitement des remboursements<\/strong><\/h4><p>Les remboursements seront trait\u00e9s dans les 14 jours ouvrables suivant leur approbation. Ils seront effectu\u00e9s sur le mode de paiement initial, sauf accord \u00e9crit contraire.<\/p><hr \/><h4><strong>Coordonn\u00e9es<\/strong><\/h4><p>Pour toute demande de remboursement, les clients peuvent nous contacter \u00e0 l&#039;adresse suivante :<br \/><strong>E-mail<\/strong>: contact@madagascarinvest.com<\/p>\t\t\t\t\t\t\t\t<\/div>\n\t\t\t\t<\/div>\n\t\t\t\t\t<\/div>\n\t\t\t\t<\/div>\n\t\t\t\t<\/div>","protected":false},"excerpt":{"rendered":"<p>Politique de remboursement pour Madagascar Invest Chez Madagascar Invest, nous nous engageons \u00e0 garantir la satisfaction de nos clients. Veuillez consulter les conditions suivantes de notre politique de remboursement\u00a0: Remboursement sous 7\u00a0jours sans justification. Les clients peuvent demander un remboursement int\u00e9gral dans les 7\u00a0jours suivant le paiement, sans justification. Remboursements apr\u00e8s 7\u00a0jours\u00a0: Remboursements apr\u00e8s 7\u00a0jours disponibles\u2026<\/p>","protected":false},"author":4,"featured_media":0,"parent":0,"menu_order":0,"comment_status":"closed","ping_status":"closed","template":"","meta":{"footnotes":""},"class_list":["post-21611","page","type-page","status-publish","hentry"],"yoast_head":"<!-- This site is optimized with the Yoast SEO plugin v27.5 - https:\/\/yoast.com\/product\/yoast-seo-wordpress\/ -->\n<title>Refund Policy - Madagascar Invest<\/title>\n<meta name=\"robots\" content=\"index, follow, max-snippet:-1, max-image-preview:large, max-video-preview:-1\" \/>\n<link rel=\"canonical\" href=\"https:\/\/madagascarinvest.com\/fr\/politique-de-remboursement\/\" \/>\n<meta property=\"og:locale\" content=\"fr_FR\" \/>\n<meta property=\"og:type\" content=\"article\" \/>\n<meta property=\"og:title\" content=\"Refund Policy - Madagascar Invest\" \/>\n<meta property=\"og:description\" content=\"Refund Policy for Madagascar Invest At Madagascar Invest, we are committed to ensuring client satisfaction. Please review the following terms of our refund policy: 7-Day No Questions Asked Refund Policy Clients may request a full refund within 7 days of payment without providing a reason. Refunds After 7 Days Refunds after 7 days are available...\" \/>\n<meta property=\"og:url\" content=\"https:\/\/madagascarinvest.com\/fr\/politique-de-remboursement\/\" \/>\n<meta property=\"og:site_name\" content=\"Madagascar Invest\" \/>\n<meta property=\"article:modified_time\" content=\"2026-01-12T18:11:13+00:00\" \/>\n<meta property=\"og:image\" content=\"https:\/\/madagascarinvest.com\/wp-content\/uploads\/2025\/03\/md.png\" \/>\n\t<meta property=\"og:image:width\" content=\"1320\" \/>\n\t<meta property=\"og:image:height\" content=\"955\" \/>\n\t<meta property=\"og:image:type\" content=\"image\/png\" \/>\n<meta name=\"twitter:card\" content=\"summary_large_image\" \/>\n<meta name=\"twitter:label1\" content=\"Dur\u00e9e de lecture estim\u00e9e\" \/>\n\t<meta name=\"twitter:data1\" content=\"2 minutes\" \/>\n<script type=\"application\/ld+json\" class=\"yoast-schema-graph\">{\"@context\":\"https:\\\/\\\/schema.org\",\"@graph\":[{\"@type\":\"WebPage\",\"@id\":\"https:\\\/\\\/madagascarinvest.com\\\/refund-policy\\\/\",\"url\":\"https:\\\/\\\/madagascarinvest.com\\\/refund-policy\\\/\",\"name\":\"Refund Policy - Madagascar Invest\",\"isPartOf\":{\"@id\":\"https:\\\/\\\/madagascarinvest.com\\\/#website\"},\"datePublished\":\"2024-11-16T09:51:39+00:00\",\"dateModified\":\"2026-01-12T18:11:13+00:00\",\"breadcrumb\":{\"@id\":\"https:\\\/\\\/madagascarinvest.com\\\/refund-policy\\\/#breadcrumb\"},\"inLanguage\":\"fr-FR\",\"potentialAction\":[{\"@type\":\"ReadAction\",\"target\":[\"https:\\\/\\\/madagascarinvest.com\\\/refund-policy\\\/\"]}]},{\"@type\":\"BreadcrumbList\",\"@id\":\"https:\\\/\\\/madagascarinvest.com\\\/refund-policy\\\/#breadcrumb\",\"itemListElement\":[{\"@type\":\"ListItem\",\"position\":1,\"name\":\"Home\",\"item\":\"https:\\\/\\\/madagascarinvest.com\\\/\"},{\"@type\":\"ListItem\",\"position\":2,\"name\":\"Refund Policy\"}]},{\"@type\":\"WebSite\",\"@id\":\"https:\\\/\\\/madagascarinvest.com\\\/#website\",\"url\":\"https:\\\/\\\/madagascarinvest.com\\\/\",\"name\":\"Madagascar Invest\",\"description\":\"\",\"publisher\":{\"@id\":\"https:\\\/\\\/madagascarinvest.com\\\/#organization\"},\"potentialAction\":[{\"@type\":\"SearchAction\",\"target\":{\"@type\":\"EntryPoint\",\"urlTemplate\":\"https:\\\/\\\/madagascarinvest.com\\\/?s={search_term_string}\"},\"query-input\":{\"@type\":\"PropertyValueSpecification\",\"valueRequired\":true,\"valueName\":\"search_term_string\"}}],\"inLanguage\":\"fr-FR\"},{\"@type\":\"Organization\",\"@id\":\"https:\\\/\\\/madagascarinvest.com\\\/#organization\",\"name\":\"Madagascar Invest\",\"alternateName\":\"MG Invest\",\"url\":\"https:\\\/\\\/madagascarinvest.com\\\/\",\"logo\":{\"@type\":\"ImageObject\",\"inLanguage\":\"fr-FR\",\"@id\":\"https:\\\/\\\/madagascarinvest.com\\\/#\\\/schema\\\/logo\\\/image\\\/\",\"url\":\"https:\\\/\\\/madagascarinvest.com\\\/wp-content\\\/uploads\\\/2024\\\/09\\\/cropped-Madagascar-Invest-Logo-06-scaled-1.jpg\",\"contentUrl\":\"https:\\\/\\\/madagascarinvest.com\\\/wp-content\\\/uploads\\\/2024\\\/09\\\/cropped-Madagascar-Invest-Logo-06-scaled-1.jpg\",\"width\":512,\"height\":512,\"caption\":\"Madagascar Invest\"},\"image\":{\"@id\":\"https:\\\/\\\/madagascarinvest.com\\\/#\\\/schema\\\/logo\\\/image\\\/\"}}]}<\/script>\n<!-- \/ Yoast SEO plugin. -->","yoast_head_json":{"title":"Politique de remboursement - Madagascar Invest","robots":{"index":"index","follow":"follow","max-snippet":"max-snippet:-1","max-image-preview":"max-image-preview:large","max-video-preview":"max-video-preview:-1"},"canonical":"https:\/\/madagascarinvest.com\/fr\/politique-de-remboursement\/","og_locale":"fr_FR","og_type":"article","og_title":"Refund Policy - Madagascar Invest","og_description":"Refund Policy for Madagascar Invest At Madagascar Invest, we are committed to ensuring client satisfaction. Please review the following terms of our refund policy: 7-Day No Questions Asked Refund Policy Clients may request a full refund within 7 days of payment without providing a reason. Refunds After 7 Days Refunds after 7 days are available...","og_url":"https:\/\/madagascarinvest.com\/fr\/politique-de-remboursement\/","og_site_name":"Madagascar Invest","article_modified_time":"2026-01-12T18:11:13+00:00","og_image":[{"width":1320,"height":955,"url":"https:\/\/madagascarinvest.com\/wp-content\/uploads\/2025\/03\/md.png","type":"image\/png"}],"twitter_card":"summary_large_image","twitter_misc":{"Dur\u00e9e de lecture estim\u00e9e":"2 minutes"},"schema":{"@context":"https:\/\/schema.org","@graph":[{"@type":"WebPage","@id":"https:\/\/madagascarinvest.com\/refund-policy\/","url":"https:\/\/madagascarinvest.com\/refund-policy\/","name":"Politique de remboursement - Madagascar Invest","isPartOf":{"@id":"https:\/\/madagascarinvest.com\/#website"},"datePublished":"2024-11-16T09:51:39+00:00","dateModified":"2026-01-12T18:11:13+00:00","breadcrumb":{"@id":"https:\/\/madagascarinvest.com\/refund-policy\/#breadcrumb"},"inLanguage":"fr-FR","potentialAction":[{"@type":"ReadAction","target":["https:\/\/madagascarinvest.com\/refund-policy\/"]}]},{"@type":"BreadcrumbList","@id":"https:\/\/madagascarinvest.com\/refund-policy\/#breadcrumb","itemListElement":[{"@type":"ListItem","position":1,"name":"Home","item":"https:\/\/madagascarinvest.com\/"},{"@type":"ListItem","position":2,"name":"Refund Policy"}]},{"@type":"WebSite","@id":"https:\/\/madagascarinvest.com\/#website","url":"https:\/\/madagascarinvest.com\/","name":"Madagascar Invest","description":"","publisher":{"@id":"https:\/\/madagascarinvest.com\/#organization"},"potentialAction":[{"@type":"SearchAction","target":{"@type":"EntryPoint","urlTemplate":"https:\/\/madagascarinvest.com\/?s={search_term_string}"},"query-input":{"@type":"PropertyValueSpecification","valueRequired":true,"valueName":"search_term_string"}}],"inLanguage":"fr-FR"},{"@type":"Organization","@id":"https:\/\/madagascarinvest.com\/#organization","name":"Madagascar Invest","alternateName":"MG Invest","url":"https:\/\/madagascarinvest.com\/","logo":{"@type":"ImageObject","inLanguage":"fr-FR","@id":"https:\/\/madagascarinvest.com\/#\/schema\/logo\/image\/","url":"https:\/\/madagascarinvest.com\/wp-content\/uploads\/2024\/09\/cropped-Madagascar-Invest-Logo-06-scaled-1.jpg","contentUrl":"https:\/\/madagascarinvest.com\/wp-content\/uploads\/2024\/09\/cropped-Madagascar-Invest-Logo-06-scaled-1.jpg","width":512,"height":512,"caption":"Madagascar Invest"},"image":{"@id":"https:\/\/madagascarinvest.com\/#\/schema\/logo\/image\/"}}]}},"_links":{"self":[{"href":"https:\/\/madagascarinvest.com\/fr\/wp-json\/wp\/v2\/pages\/21611","targetHints":{"allow":["GET"]}}],"collection":[{"href":"https:\/\/madagascarinvest.com\/fr\/wp-json\/wp\/v2\/pages"}],"about":[{"href":"https:\/\/madagascarinvest.com\/fr\/wp-json\/wp\/v2\/types\/page"}],"author":[{"embeddable":true,"href":"https:\/\/madagascarinvest.com\/fr\/wp-json\/wp\/v2\/users\/4"}],"replies":[{"embeddable":true,"href":"https:\/\/madagascarinvest.com\/fr\/wp-json\/wp\/v2\/comments?post=21611"}],"version-history":[{"count":3,"href":"https:\/\/madagascarinvest.com\/fr\/wp-json\/wp\/v2\/pages\/21611\/revisions"}],"predecessor-version":[{"id":24680,"href":"https:\/\/madagascarinvest.com\/fr\/wp-json\/wp\/v2\/pages\/21611\/revisions\/24680"}],"wp:attachment":[{"href":"https:\/\/madagascarinvest.com\/fr\/wp-json\/wp\/v2\/media?parent=21611"}],"curies":[{"name":"wp","href":"https:\/\/api.w.org\/{rel}","templated":true}]}}