{"id":2049,"date":"2024-08-02T11:12:30","date_gmt":"2024-08-02T11:12:30","guid":{"rendered":"https:\/\/madagascarinvest.com\/?page_id=2049"},"modified":"2026-01-12T18:00:27","modified_gmt":"2026-01-12T18:00:27","slug":"rado-randriamanga","status":"publish","type":"page","link":"https:\/\/madagascarinvest.com\/fr\/rado-randriamanga\/","title":{"rendered":"Rado Randriamanga"},"content":{"rendered":"<div data-elementor-type=\"wp-page\" data-elementor-id=\"2049\" class=\"elementor elementor-2049\" data-elementor-post-type=\"page\">\n\t\t\t\t<div class=\"elementor-element elementor-element-34a309c e-con-full e-flex e-con e-parent\" data-id=\"34a309c\" data-element_type=\"container\" data-e-type=\"container\" data-settings=\"{&quot;background_background&quot;:&quot;classic&quot;}\">\n\t\t<div class=\"elementor-element elementor-element-c9b72c9 e-flex e-con-boxed e-con e-child\" data-id=\"c9b72c9\" data-element_type=\"container\" data-e-type=\"container\">\n\t\t\t\t\t<div class=\"e-con-inner\">\n\t\t<div class=\"elementor-element elementor-element-3ad7007 e-con-full e-flex e-con e-child\" data-id=\"3ad7007\" data-element_type=\"container\" data-e-type=\"container\">\n\t\t\r\n\t\t<div class=\"elementor-element elementor-element-9abdc0e elementor-widget elementor-widget-realarteaminfo\" data-id=\"9abdc0e\" data-element_type=\"widget\" data-e-type=\"widget\" data-widget_type=\"realarteaminfo.default\">\n\t\t\t\t<div class=\"elementor-widget-container\">\n\t\t\t\t\t<div class=\"th-team team-card style4\"><div class=\"img-wrap\"><div class=\"team-img\"><img decoding=\"async\" src=\"https:\/\/madagascarinvest.com\/wp-content\/uploads\/2024\/08\/Rado-Randriamanga-LinkedIn.jpg\" alt=\"Rado Randriamanga LinkedIn\"  \/><\/div><div class=\"th-social-wrap\"><div class=\"th-social\"><a  rel=\"nofollow\" href=\"https:\/\/www.facebook.com\"><i aria-hidden=\"true\" class=\"fab fa-facebook-f\"><\/i><\/a> <a  rel=\"nofollow\" href=\"https:\/\/www.twitter.com\"><i aria-hidden=\"true\" class=\"fab fa-twitter\"><\/i><\/a> <a  rel=\"nofollow\" href=\"https:\/\/www.instagram.com\"><i aria-hidden=\"true\" class=\"fab fa-instagram\"><\/i><\/a> <a  rel=\"nofollow\" href=\"https:\/\/www.linkedin.com\"><i aria-hidden=\"true\" class=\"fab fa-linkedin-in\"><\/i><\/a> <a  rel=\"nofollow\" href=\"https:\/\/pinterest.com\"><i aria-hidden=\"true\" class=\"fab fa-pinterest-p\"><\/i><\/a> <\/div><\/div><\/div><div class=\"team-card-content\"><div class=\"media-left\"><h3 class=\"box-title name\">Rado Randriamanga<\/h3><span class=\"team-desig team-about_desig\">Gestionnaire de dossiers clients<\/span><\/div> <\/div><\/div>\t\t\t\t<\/div>\n\t\t\t\t<\/div>\n\t\t\t\t<\/div>\n\t\t<div class=\"elementor-element elementor-element-e634153 e-con-full about-card e-flex e-con e-child\" data-id=\"e634153\" data-element_type=\"container\" data-e-type=\"container\">\n\t\t\t\t<div class=\"elementor-element elementor-element-2b21c68 elementor-widget elementor-widget-heading\" data-id=\"2b21c68\" data-element_type=\"widget\" data-e-type=\"widget\" data-widget_type=\"heading.default\">\n\t\t\t\t<div class=\"elementor-widget-container\">\n\t\t\t\t\t<h4 class=\"elementor-heading-title elementor-size-default\">L&#039;\u00e9tablissement de relations durables fond\u00e9es sur la confiance et l&#039;int\u00e9grit\u00e9 est au c\u0153ur de la philosophie de travail de Rado. Il met un point d&#039;honneur \u00e0 offrir une exp\u00e9rience client exceptionnelle.<\/h4>\t\t\t\t<\/div>\n\t\t\t\t<\/div>\n\t\t\t\t<div class=\"elementor-element elementor-element-11cb3df elementor-widget elementor-widget-text-editor\" data-id=\"11cb3df\" data-element_type=\"widget\" data-e-type=\"widget\" data-widget_type=\"text-editor.default\">\n\t\t\t\t<div class=\"elementor-widget-container\">\n\t\t\t\t\t\t\t\t\t<div class=\"row gy-3\">\n<div class=\"col-md-6\">\n<ul class=\"team-about-list\">\n \t<li style=\"color:#000;\"><strong>Position: <\/strong>Gestionnaire de dossiers clients<\/li>\n \t<li style=\"color:#000;\"><strong>Exp\u00e9rience: <\/strong>5 ans<\/li>\n \t<li style=\"color:#000;\"><strong>Emplacement: <\/strong>Antananarivo<\/li>\n \t<li style=\"color:#000;\"><b>Langues parl\u00e9es : malgache, anglais, fran\u00e7ais<\/b><\/li>\n<\/ul>\n<\/div>\n<\/div>\t\t\t\t\t\t\t\t<\/div>\n\t\t\t\t<\/div>\n\t\t\t\t<div class=\"elementor-element elementor-element-5b91fbc elementor-widget elementor-widget-text-editor\" data-id=\"5b91fbc\" data-element_type=\"widget\" data-e-type=\"widget\" data-widget_type=\"text-editor.default\">\n\t\t\t\t<div class=\"elementor-widget-container\">\n\t\t\t\t\t\t\t\t\t<p>Rado est n\u00e9 et a grandi \u00e0 Antananarivo, et a \u00e9tudi\u00e9 l&#039;ing\u00e9nierie informatique \u00e0 l&#039;Institut Sup\u00e9rieur Polytechnique de Madagascar (ISPM) et a ensuite obtenu un dipl\u00f4me de troisi\u00e8me cycle en commerce et gestion de l&#039;Universit\u00e9 de Birmingham au Royaume-Uni. En 2022, il est retourn\u00e9 \u00e0 Madagascar, d\u00e9sormais mari\u00e9, avec l&#039;intention d&#039;aider au d\u00e9veloppement de son pays par le biais des affaires et de l&#039;entrepreneuriat.<\/p>\t\t\t\t\t\t\t\t<\/div>\n\t\t\t\t<\/div>\n\t\t\t\t<\/div>\n\t\t\t\t\t<\/div>\n\t\t\t\t<\/div>\n\t\t\t\t<\/div>\n\t\t\t\t<\/div>","protected":false},"excerpt":{"rendered":"<p>Rado Randriamanga, Responsable de Client\u00e8le B\u00e2tir des relations durables bas\u00e9es sur la confiance et l&#039;int\u00e9grit\u00e9 est au c\u0153ur de la philosophie de travail de Rado. Il est fier d&#039;offrir une exp\u00e9rience client exceptionnelle. Poste : Responsable de Client\u00e8le Exp\u00e9rience : 5 ans Lieu : Antananarivo Langues parl\u00e9es : Malgache, anglais, fran\u00e7ais Rado est n\u00e9 et a grandi \u00e0 Antananarivo, et a \u00e9tudi\u00e9 l&#039;ing\u00e9nierie informatique\u2026<\/p>","protected":false},"author":1,"featured_media":0,"parent":0,"menu_order":0,"comment_status":"closed","ping_status":"closed","template":"template-builder.php","meta":{"footnotes":""},"class_list":["post-2049","page","type-page","status-publish","hentry"],"yoast_head":"<!-- This site is optimized with the Yoast SEO plugin v27.5 - https:\/\/yoast.com\/product\/yoast-seo-wordpress\/ -->\n<title>Rado Randriamanga - Madagascar Invest<\/title>\n<meta name=\"robots\" content=\"index, follow, max-snippet:-1, max-image-preview:large, max-video-preview:-1\" \/>\n<link rel=\"canonical\" href=\"https:\/\/madagascarinvest.com\/fr\/rado-randriamanga\/\" \/>\n<meta property=\"og:locale\" content=\"fr_FR\" \/>\n<meta property=\"og:type\" content=\"article\" \/>\n<meta property=\"og:title\" content=\"Rado Randriamanga - Madagascar Invest\" \/>\n<meta property=\"og:description\" content=\"Rado Randriamanga Client Case Manager Building lasting relationships based on trust and integrity is at the core of Rado&#8217;s work philosophy. He takes pride in providing an exceptional client experience. Position: Client Case Manager Experience: 5 Years Location: Antananarivo Languages Spoken: Malagasy, English, French Rado was born and raised in Antananarivo, and studied IT engineering...\" \/>\n<meta property=\"og:url\" content=\"https:\/\/madagascarinvest.com\/fr\/rado-randriamanga\/\" \/>\n<meta property=\"og:site_name\" content=\"Madagascar Invest\" \/>\n<meta property=\"article:modified_time\" content=\"2026-01-12T18:00:27+00:00\" \/>\n<meta property=\"og:image\" content=\"https:\/\/madagascarinvest.com\/wp-content\/uploads\/2024\/08\/Rado-Randriamanga-LinkedIn.jpg\" \/>\n<meta name=\"twitter:card\" content=\"summary_large_image\" \/>\n<meta name=\"twitter:label1\" content=\"Dur\u00e9e de lecture estim\u00e9e\" \/>\n\t<meta name=\"twitter:data1\" content=\"1 minute\" \/>\n<script type=\"application\/ld+json\" class=\"yoast-schema-graph\">{\"@context\":\"https:\\\/\\\/schema.org\",\"@graph\":[{\"@type\":\"WebPage\",\"@id\":\"https:\\\/\\\/madagascarinvest.com\\\/rado-randriamanga\\\/\",\"url\":\"https:\\\/\\\/madagascarinvest.com\\\/rado-randriamanga\\\/\",\"name\":\"Rado Randriamanga - Madagascar Invest\",\"isPartOf\":{\"@id\":\"https:\\\/\\\/madagascarinvest.com\\\/#website\"},\"primaryImageOfPage\":{\"@id\":\"https:\\\/\\\/madagascarinvest.com\\\/rado-randriamanga\\\/#primaryimage\"},\"image\":{\"@id\":\"https:\\\/\\\/madagascarinvest.com\\\/rado-randriamanga\\\/#primaryimage\"},\"thumbnailUrl\":\"https:\\\/\\\/madagascarinvest.com\\\/wp-content\\\/uploads\\\/2024\\\/08\\\/Rado-Randriamanga-LinkedIn.jpg\",\"datePublished\":\"2024-08-02T11:12:30+00:00\",\"dateModified\":\"2026-01-12T18:00:27+00:00\",\"breadcrumb\":{\"@id\":\"https:\\\/\\\/madagascarinvest.com\\\/rado-randriamanga\\\/#breadcrumb\"},\"inLanguage\":\"fr-FR\",\"potentialAction\":[{\"@type\":\"ReadAction\",\"target\":[\"https:\\\/\\\/madagascarinvest.com\\\/rado-randriamanga\\\/\"]}]},{\"@type\":\"ImageObject\",\"inLanguage\":\"fr-FR\",\"@id\":\"https:\\\/\\\/madagascarinvest.com\\\/rado-randriamanga\\\/#primaryimage\",\"url\":\"https:\\\/\\\/madagascarinvest.com\\\/wp-content\\\/uploads\\\/2024\\\/08\\\/Rado-Randriamanga-LinkedIn.jpg\",\"contentUrl\":\"https:\\\/\\\/madagascarinvest.com\\\/wp-content\\\/uploads\\\/2024\\\/08\\\/Rado-Randriamanga-LinkedIn.jpg\"},{\"@type\":\"BreadcrumbList\",\"@id\":\"https:\\\/\\\/madagascarinvest.com\\\/rado-randriamanga\\\/#breadcrumb\",\"itemListElement\":[{\"@type\":\"ListItem\",\"position\":1,\"name\":\"Home\",\"item\":\"https:\\\/\\\/madagascarinvest.com\\\/\"},{\"@type\":\"ListItem\",\"position\":2,\"name\":\"Rado Randriamanga\"}]},{\"@type\":\"WebSite\",\"@id\":\"https:\\\/\\\/madagascarinvest.com\\\/#website\",\"url\":\"https:\\\/\\\/madagascarinvest.com\\\/\",\"name\":\"Madagascar Invest\",\"description\":\"\",\"publisher\":{\"@id\":\"https:\\\/\\\/madagascarinvest.com\\\/#organization\"},\"potentialAction\":[{\"@type\":\"SearchAction\",\"target\":{\"@type\":\"EntryPoint\",\"urlTemplate\":\"https:\\\/\\\/madagascarinvest.com\\\/?s={search_term_string}\"},\"query-input\":{\"@type\":\"PropertyValueSpecification\",\"valueRequired\":true,\"valueName\":\"search_term_string\"}}],\"inLanguage\":\"fr-FR\"},{\"@type\":\"Organization\",\"@id\":\"https:\\\/\\\/madagascarinvest.com\\\/#organization\",\"name\":\"Madagascar Invest\",\"alternateName\":\"MG Invest\",\"url\":\"https:\\\/\\\/madagascarinvest.com\\\/\",\"logo\":{\"@type\":\"ImageObject\",\"inLanguage\":\"fr-FR\",\"@id\":\"https:\\\/\\\/madagascarinvest.com\\\/#\\\/schema\\\/logo\\\/image\\\/\",\"url\":\"https:\\\/\\\/madagascarinvest.com\\\/wp-content\\\/uploads\\\/2024\\\/09\\\/cropped-Madagascar-Invest-Logo-06-scaled-1.jpg\",\"contentUrl\":\"https:\\\/\\\/madagascarinvest.com\\\/wp-content\\\/uploads\\\/2024\\\/09\\\/cropped-Madagascar-Invest-Logo-06-scaled-1.jpg\",\"width\":512,\"height\":512,\"caption\":\"Madagascar Invest\"},\"image\":{\"@id\":\"https:\\\/\\\/madagascarinvest.com\\\/#\\\/schema\\\/logo\\\/image\\\/\"}}]}<\/script>\n<!-- \/ Yoast SEO plugin. -->","yoast_head_json":{"title":"Rado Randriamanga - Madagascar Invest","robots":{"index":"index","follow":"follow","max-snippet":"max-snippet:-1","max-image-preview":"max-image-preview:large","max-video-preview":"max-video-preview:-1"},"canonical":"https:\/\/madagascarinvest.com\/fr\/rado-randriamanga\/","og_locale":"fr_FR","og_type":"article","og_title":"Rado Randriamanga - Madagascar Invest","og_description":"Rado Randriamanga Client Case Manager Building lasting relationships based on trust and integrity is at the core of Rado&#8217;s work philosophy. He takes pride in providing an exceptional client experience. Position: Client Case Manager Experience: 5 Years Location: Antananarivo Languages Spoken: Malagasy, English, French Rado was born and raised in Antananarivo, and studied IT engineering...","og_url":"https:\/\/madagascarinvest.com\/fr\/rado-randriamanga\/","og_site_name":"Madagascar Invest","article_modified_time":"2026-01-12T18:00:27+00:00","og_image":[{"url":"https:\/\/madagascarinvest.com\/wp-content\/uploads\/2024\/08\/Rado-Randriamanga-LinkedIn.jpg","type":"","width":"","height":""}],"twitter_card":"summary_large_image","twitter_misc":{"Dur\u00e9e de lecture estim\u00e9e":"1 minute"},"schema":{"@context":"https:\/\/schema.org","@graph":[{"@type":"WebPage","@id":"https:\/\/madagascarinvest.com\/rado-randriamanga\/","url":"https:\/\/madagascarinvest.com\/rado-randriamanga\/","name":"Rado Randriamanga - Madagascar Invest","isPartOf":{"@id":"https:\/\/madagascarinvest.com\/#website"},"primaryImageOfPage":{"@id":"https:\/\/madagascarinvest.com\/rado-randriamanga\/#primaryimage"},"image":{"@id":"https:\/\/madagascarinvest.com\/rado-randriamanga\/#primaryimage"},"thumbnailUrl":"https:\/\/madagascarinvest.com\/wp-content\/uploads\/2024\/08\/Rado-Randriamanga-LinkedIn.jpg","datePublished":"2024-08-02T11:12:30+00:00","dateModified":"2026-01-12T18:00:27+00:00","breadcrumb":{"@id":"https:\/\/madagascarinvest.com\/rado-randriamanga\/#breadcrumb"},"inLanguage":"fr-FR","potentialAction":[{"@type":"ReadAction","target":["https:\/\/madagascarinvest.com\/rado-randriamanga\/"]}]},{"@type":"ImageObject","inLanguage":"fr-FR","@id":"https:\/\/madagascarinvest.com\/rado-randriamanga\/#primaryimage","url":"https:\/\/madagascarinvest.com\/wp-content\/uploads\/2024\/08\/Rado-Randriamanga-LinkedIn.jpg","contentUrl":"https:\/\/madagascarinvest.com\/wp-content\/uploads\/2024\/08\/Rado-Randriamanga-LinkedIn.jpg"},{"@type":"BreadcrumbList","@id":"https:\/\/madagascarinvest.com\/rado-randriamanga\/#breadcrumb","itemListElement":[{"@type":"ListItem","position":1,"name":"Home","item":"https:\/\/madagascarinvest.com\/"},{"@type":"ListItem","position":2,"name":"Rado Randriamanga"}]},{"@type":"WebSite","@id":"https:\/\/madagascarinvest.com\/#website","url":"https:\/\/madagascarinvest.com\/","name":"Madagascar Invest","description":"","publisher":{"@id":"https:\/\/madagascarinvest.com\/#organization"},"potentialAction":[{"@type":"SearchAction","target":{"@type":"EntryPoint","urlTemplate":"https:\/\/madagascarinvest.com\/?s={search_term_string}"},"query-input":{"@type":"PropertyValueSpecification","valueRequired":true,"valueName":"search_term_string"}}],"inLanguage":"fr-FR"},{"@type":"Organization","@id":"https:\/\/madagascarinvest.com\/#organization","name":"Madagascar Invest","alternateName":"MG Invest","url":"https:\/\/madagascarinvest.com\/","logo":{"@type":"ImageObject","inLanguage":"fr-FR","@id":"https:\/\/madagascarinvest.com\/#\/schema\/logo\/image\/","url":"https:\/\/madagascarinvest.com\/wp-content\/uploads\/2024\/09\/cropped-Madagascar-Invest-Logo-06-scaled-1.jpg","contentUrl":"https:\/\/madagascarinvest.com\/wp-content\/uploads\/2024\/09\/cropped-Madagascar-Invest-Logo-06-scaled-1.jpg","width":512,"height":512,"caption":"Madagascar Invest"},"image":{"@id":"https:\/\/madagascarinvest.com\/#\/schema\/logo\/image\/"}}]}},"_links":{"self":[{"href":"https:\/\/madagascarinvest.com\/fr\/wp-json\/wp\/v2\/pages\/2049","targetHints":{"allow":["GET"]}}],"collection":[{"href":"https:\/\/madagascarinvest.com\/fr\/wp-json\/wp\/v2\/pages"}],"about":[{"href":"https:\/\/madagascarinvest.com\/fr\/wp-json\/wp\/v2\/types\/page"}],"author":[{"embeddable":true,"href":"https:\/\/madagascarinvest.com\/fr\/wp-json\/wp\/v2\/users\/1"}],"replies":[{"embeddable":true,"href":"https:\/\/madagascarinvest.com\/fr\/wp-json\/wp\/v2\/comments?post=2049"}],"version-history":[{"count":5,"href":"https:\/\/madagascarinvest.com\/fr\/wp-json\/wp\/v2\/pages\/2049\/revisions"}],"predecessor-version":[{"id":24677,"href":"https:\/\/madagascarinvest.com\/fr\/wp-json\/wp\/v2\/pages\/2049\/revisions\/24677"}],"wp:attachment":[{"href":"https:\/\/madagascarinvest.com\/fr\/wp-json\/wp\/v2\/media?parent=2049"}],"curies":[{"name":"wp","href":"https:\/\/api.w.org\/{rel}","templated":true}]}}