
{"id":2047,"date":"2024-08-02T11:12:09","date_gmt":"2024-08-02T11:12:09","guid":{"rendered":"https:\/\/madagascarinvest.com\/?page_id=2047"},"modified":"2026-01-12T19:36:23","modified_gmt":"2026-01-12T19:36:23","slug":"tsanta-fifaliana","status":"publish","type":"page","link":"https:\/\/madagascarinvest.com\/fr\/tsanta-fifaliana\/","title":{"rendered":"Tsanta Fifaliana"},"content":{"rendered":"<div data-elementor-type=\"wp-page\" data-elementor-id=\"2047\" class=\"elementor elementor-2047\" data-elementor-post-type=\"page\">\n\t\t\t\t<div class=\"elementor-element elementor-element-34a309c e-con-full e-flex e-con e-parent\" data-id=\"34a309c\" data-element_type=\"container\" data-e-type=\"container\" data-settings=\"{&quot;background_background&quot;:&quot;classic&quot;}\">\n\t\t<div class=\"elementor-element elementor-element-c9b72c9 e-flex e-con-boxed e-con e-child\" data-id=\"c9b72c9\" data-element_type=\"container\" data-e-type=\"container\">\n\t\t\t\t\t<div class=\"e-con-inner\">\n\t\t<div class=\"elementor-element elementor-element-3ad7007 e-con-full e-flex e-con e-child\" data-id=\"3ad7007\" data-element_type=\"container\" data-e-type=\"container\">\n\t\t\t\t<div class=\"elementor-element elementor-element-9abdc0e elementor-widget elementor-widget-realarteaminfo\" data-id=\"9abdc0e\" data-element_type=\"widget\" data-e-type=\"widget\" data-widget_type=\"realarteaminfo.default\">\n\t\t\t\t<div class=\"elementor-widget-container\">\n\t\t\t\t\t<div class=\"th-team team-card style4\"><div class=\"img-wrap\"><div class=\"team-img\"><img decoding=\"async\" src=\"https:\/\/madagascarinvest.com\/wp-content\/uploads\/2024\/08\/Tsanta-Fifaliana-LinkedIn.jpg\" alt=\"Tsanta Fifaliana LinkedIn\"  \/><\/div><div class=\"th-social-wrap\"><div class=\"th-social\"><a  rel=\"nofollow\" href=\"https:\/\/www.facebook.com\"><i aria-hidden=\"true\" class=\"fab fa-facebook-f\"><\/i><\/a> <a  rel=\"nofollow\" href=\"https:\/\/www.twitter.com\"><i aria-hidden=\"true\" class=\"fab fa-twitter\"><\/i><\/a> <a  rel=\"nofollow\" href=\"https:\/\/www.instagram.com\"><i aria-hidden=\"true\" class=\"fab fa-instagram\"><\/i><\/a> <a  rel=\"nofollow\" href=\"https:\/\/www.linkedin.com\"><i aria-hidden=\"true\" class=\"fab fa-linkedin-in\"><\/i><\/a> <a  rel=\"nofollow\" href=\"https:\/\/pinterest.com\"><i aria-hidden=\"true\" class=\"fab fa-pinterest-p\"><\/i><\/a> <\/div><\/div><\/div><div class=\"team-card-content\"><div class=\"media-left\"><h3 class=\"box-title name\">Tsanta Fifaliana<\/h3><span class=\"team-desig team-about_desig\"> Associ\u00e9 immobilier<\/span><\/div> <\/div><\/div>\t\t\t\t<\/div>\n\t\t\t\t<\/div>\n\t\t\t\t<\/div>\n\t\t<div class=\"elementor-element elementor-element-e634153 e-con-full about-card e-flex e-con e-child\" data-id=\"e634153\" data-element_type=\"container\" data-e-type=\"container\">\n\t\t\t\t<div class=\"elementor-element elementor-element-11cb3df elementor-widget elementor-widget-text-editor\" data-id=\"11cb3df\" data-element_type=\"widget\" data-e-type=\"widget\" data-widget_type=\"text-editor.default\">\n\t\t\t\t<div class=\"elementor-widget-container\">\n\t\t\t\t\t\t\t\t\t<h2 class=\"about-card_title mb-45\">\u00ab Aider les clients internationaux \u00e0 trouver la propri\u00e9t\u00e9 de leurs r\u00eaves \u00e0 Madagascar est ma passion\u00a0; cela me rend fier d\u2019\u00eatre malgache. \u00bb<\/h2>\n<div class=\"row gy-3\">\n<div class=\"col-md-6\">\n<ul class=\"team-about-list\">\n \t<li style=\"color: #000;\"><strong>Poste : Associ\u00e9 immobilier<\/strong><\/li>\n \t<li style=\"color: #000;\"><strong>Exp\u00e9rience: <\/strong>3 ans<\/li>\n \t<li style=\"color: #000;\"><strong>Emplacement: <\/strong>Antananarivo<\/li>\n \t<li style=\"color: #000;\"><b>Langues parl\u00e9es : malgache, anglais, fran\u00e7ais<\/b><\/li>\n<\/ul>\n<\/div>\n<\/div>\t\t\t\t\t\t\t\t<\/div>\n\t\t\t\t<\/div>\n\t\t\t\t<div class=\"elementor-element elementor-element-5b91fbc elementor-widget elementor-widget-text-editor\" data-id=\"5b91fbc\" data-element_type=\"widget\" data-e-type=\"widget\" data-widget_type=\"text-editor.default\">\n\t\t\t\t<div class=\"elementor-widget-container\">\n\t\t\t\t\t\t\t\t\t<p>Tsanta est n\u00e9 \u00e0 Fianarantsoa et a d\u00e9m\u00e9nag\u00e9 \u00e0 Antsirabe pour \u00e9tudier \u00e0 l&#039;universit\u00e9 d&#039;agriculture (IPSATTA) \u00e0 l&#039;\u00e2ge de 18 ans.<\/p><p>Apr\u00e8s avoir termin\u00e9 ses \u00e9tudes, elle a d\u00e9m\u00e9nag\u00e9 \u00e0 Tana pour trouver du travail, mais comme les emplois \u00e9taient rares dans son domaine d&#039;expertise, elle a rejoint Madagascar Invest en 2022 et a depuis d\u00e9velopp\u00e9 une passion pour le secteur de l&#039;investissement immobilier.<\/p><p>Tsanta croit fermement au d\u00e9veloppement de son pays gr\u00e2ce \u00e0 la facilitation des investissements \u00e9trangers. Tsanta est devenue un atout pr\u00e9cieux pour MG Invest, o\u00f9 elle aide ses clients \u00e0 trouver et \u00e0 investir dans le bien immobilier de leurs r\u00eaves.<\/p>\t\t\t\t\t\t\t\t<\/div>\n\t\t\t\t<\/div>\n\t\t\t\t<\/div>\n\t\t\t\t\t<\/div>\n\t\t\t\t<\/div>\n\t\t\t\t<\/div>\n\t\t\t\t<\/div>","protected":false},"excerpt":{"rendered":"<p>Tsanta Fifaliana Associ\u00e9e immobili\u00e8re \u00ab Aider les clients internationaux \u00e0 trouver la propri\u00e9t\u00e9 de leurs r\u00eaves \u00e0 Madagascar est ma passion \u2013 cela me rend fier d\u2019\u00eatre malgache \u00bb Poste : Associ\u00e9e immobili\u00e8re Exp\u00e9rience : 3 ans Lieu : Antananarivo Langues parl\u00e9es : malgache, anglais, fran\u00e7ais Tsanta est n\u00e9e \u00e0 Fianarantsoa et a d\u00e9m\u00e9nag\u00e9 \u00e0 Antsirabe pour \u00e9tudier \u00e0 l\u2019universit\u00e9 d\u2019agriculture\u2026<\/p>","protected":false},"author":1,"featured_media":0,"parent":0,"menu_order":0,"comment_status":"closed","ping_status":"closed","template":"template-builder.php","meta":{"footnotes":""},"class_list":["post-2047","page","type-page","status-publish","hentry"],"yoast_head":"<!-- This site is optimized with the Yoast SEO plugin v27.5 - https:\/\/yoast.com\/product\/yoast-seo-wordpress\/ -->\n<title>Tsanta Fifaliana - Madagascar Invest<\/title>\n<meta name=\"robots\" content=\"index, follow, max-snippet:-1, max-image-preview:large, max-video-preview:-1\" \/>\n<link rel=\"canonical\" href=\"https:\/\/madagascarinvest.com\/fr\/tsanta-fifaliana\/\" \/>\n<meta property=\"og:locale\" content=\"fr_FR\" \/>\n<meta property=\"og:type\" content=\"article\" \/>\n<meta property=\"og:title\" content=\"Tsanta Fifaliana - Madagascar Invest\" \/>\n<meta property=\"og:description\" content=\"Tsanta Fifaliana Real Estate associate &#8220;Helping international clients find their dream property in Madagascar is my passion &#8211; it makes me proud to be Malagasy&#8221; Position: Real Estate Associate Experience: 3 Years Location: Antananarivo Languages Spoken: Malagasy, English, French Tsanta was born in Fianarantsoa and moved to Antsirabe to study at the university of agriculture...\" \/>\n<meta property=\"og:url\" content=\"https:\/\/madagascarinvest.com\/fr\/tsanta-fifaliana\/\" \/>\n<meta property=\"og:site_name\" content=\"Madagascar Invest\" \/>\n<meta property=\"article:modified_time\" content=\"2026-01-12T19:36:23+00:00\" \/>\n<meta property=\"og:image\" content=\"https:\/\/madagascarinvest.com\/wp-content\/uploads\/2024\/08\/Tsanta-Fifaliana-LinkedIn.jpg\" \/>\n<meta name=\"twitter:card\" content=\"summary_large_image\" \/>\n<meta name=\"twitter:label1\" content=\"Dur\u00e9e de lecture estim\u00e9e\" \/>\n\t<meta name=\"twitter:data1\" content=\"1 minute\" \/>\n<script type=\"application\/ld+json\" class=\"yoast-schema-graph\">{\"@context\":\"https:\\\/\\\/schema.org\",\"@graph\":[{\"@type\":\"WebPage\",\"@id\":\"https:\\\/\\\/madagascarinvest.com\\\/tsanta-fifaliana\\\/\",\"url\":\"https:\\\/\\\/madagascarinvest.com\\\/tsanta-fifaliana\\\/\",\"name\":\"Tsanta Fifaliana - Madagascar Invest\",\"isPartOf\":{\"@id\":\"https:\\\/\\\/madagascarinvest.com\\\/#website\"},\"primaryImageOfPage\":{\"@id\":\"https:\\\/\\\/madagascarinvest.com\\\/tsanta-fifaliana\\\/#primaryimage\"},\"image\":{\"@id\":\"https:\\\/\\\/madagascarinvest.com\\\/tsanta-fifaliana\\\/#primaryimage\"},\"thumbnailUrl\":\"https:\\\/\\\/madagascarinvest.com\\\/wp-content\\\/uploads\\\/2024\\\/08\\\/Tsanta-Fifaliana-LinkedIn.jpg\",\"datePublished\":\"2024-08-02T11:12:09+00:00\",\"dateModified\":\"2026-01-12T19:36:23+00:00\",\"breadcrumb\":{\"@id\":\"https:\\\/\\\/madagascarinvest.com\\\/tsanta-fifaliana\\\/#breadcrumb\"},\"inLanguage\":\"fr-FR\",\"potentialAction\":[{\"@type\":\"ReadAction\",\"target\":[\"https:\\\/\\\/madagascarinvest.com\\\/tsanta-fifaliana\\\/\"]}]},{\"@type\":\"ImageObject\",\"inLanguage\":\"fr-FR\",\"@id\":\"https:\\\/\\\/madagascarinvest.com\\\/tsanta-fifaliana\\\/#primaryimage\",\"url\":\"https:\\\/\\\/madagascarinvest.com\\\/wp-content\\\/uploads\\\/2024\\\/08\\\/Tsanta-Fifaliana-LinkedIn.jpg\",\"contentUrl\":\"https:\\\/\\\/madagascarinvest.com\\\/wp-content\\\/uploads\\\/2024\\\/08\\\/Tsanta-Fifaliana-LinkedIn.jpg\"},{\"@type\":\"BreadcrumbList\",\"@id\":\"https:\\\/\\\/madagascarinvest.com\\\/tsanta-fifaliana\\\/#breadcrumb\",\"itemListElement\":[{\"@type\":\"ListItem\",\"position\":1,\"name\":\"Home\",\"item\":\"https:\\\/\\\/madagascarinvest.com\\\/\"},{\"@type\":\"ListItem\",\"position\":2,\"name\":\"Tsanta Fifaliana\"}]},{\"@type\":\"WebSite\",\"@id\":\"https:\\\/\\\/madagascarinvest.com\\\/#website\",\"url\":\"https:\\\/\\\/madagascarinvest.com\\\/\",\"name\":\"Madagascar Invest\",\"description\":\"\",\"publisher\":{\"@id\":\"https:\\\/\\\/madagascarinvest.com\\\/#organization\"},\"potentialAction\":[{\"@type\":\"SearchAction\",\"target\":{\"@type\":\"EntryPoint\",\"urlTemplate\":\"https:\\\/\\\/madagascarinvest.com\\\/?s={search_term_string}\"},\"query-input\":{\"@type\":\"PropertyValueSpecification\",\"valueRequired\":true,\"valueName\":\"search_term_string\"}}],\"inLanguage\":\"fr-FR\"},{\"@type\":\"Organization\",\"@id\":\"https:\\\/\\\/madagascarinvest.com\\\/#organization\",\"name\":\"Madagascar Invest\",\"alternateName\":\"MG Invest\",\"url\":\"https:\\\/\\\/madagascarinvest.com\\\/\",\"logo\":{\"@type\":\"ImageObject\",\"inLanguage\":\"fr-FR\",\"@id\":\"https:\\\/\\\/madagascarinvest.com\\\/#\\\/schema\\\/logo\\\/image\\\/\",\"url\":\"https:\\\/\\\/madagascarinvest.com\\\/wp-content\\\/uploads\\\/2024\\\/09\\\/cropped-Madagascar-Invest-Logo-06-scaled-1.jpg\",\"contentUrl\":\"https:\\\/\\\/madagascarinvest.com\\\/wp-content\\\/uploads\\\/2024\\\/09\\\/cropped-Madagascar-Invest-Logo-06-scaled-1.jpg\",\"width\":512,\"height\":512,\"caption\":\"Madagascar Invest\"},\"image\":{\"@id\":\"https:\\\/\\\/madagascarinvest.com\\\/#\\\/schema\\\/logo\\\/image\\\/\"}}]}<\/script>\n<!-- \/ Yoast SEO plugin. -->","yoast_head_json":{"title":"Tsanta Fifaliana - Madagascar Invest","robots":{"index":"index","follow":"follow","max-snippet":"max-snippet:-1","max-image-preview":"max-image-preview:large","max-video-preview":"max-video-preview:-1"},"canonical":"https:\/\/madagascarinvest.com\/fr\/tsanta-fifaliana\/","og_locale":"fr_FR","og_type":"article","og_title":"Tsanta Fifaliana - Madagascar Invest","og_description":"Tsanta Fifaliana Real Estate associate &#8220;Helping international clients find their dream property in Madagascar is my passion &#8211; it makes me proud to be Malagasy&#8221; Position: Real Estate Associate Experience: 3 Years Location: Antananarivo Languages Spoken: Malagasy, English, French Tsanta was born in Fianarantsoa and moved to Antsirabe to study at the university of agriculture...","og_url":"https:\/\/madagascarinvest.com\/fr\/tsanta-fifaliana\/","og_site_name":"Madagascar Invest","article_modified_time":"2026-01-12T19:36:23+00:00","og_image":[{"url":"https:\/\/madagascarinvest.com\/wp-content\/uploads\/2024\/08\/Tsanta-Fifaliana-LinkedIn.jpg","type":"","width":"","height":""}],"twitter_card":"summary_large_image","twitter_misc":{"Dur\u00e9e de lecture estim\u00e9e":"1 minute"},"schema":{"@context":"https:\/\/schema.org","@graph":[{"@type":"WebPage","@id":"https:\/\/madagascarinvest.com\/tsanta-fifaliana\/","url":"https:\/\/madagascarinvest.com\/tsanta-fifaliana\/","name":"Tsanta Fifaliana - Madagascar Invest","isPartOf":{"@id":"https:\/\/madagascarinvest.com\/#website"},"primaryImageOfPage":{"@id":"https:\/\/madagascarinvest.com\/tsanta-fifaliana\/#primaryimage"},"image":{"@id":"https:\/\/madagascarinvest.com\/tsanta-fifaliana\/#primaryimage"},"thumbnailUrl":"https:\/\/madagascarinvest.com\/wp-content\/uploads\/2024\/08\/Tsanta-Fifaliana-LinkedIn.jpg","datePublished":"2024-08-02T11:12:09+00:00","dateModified":"2026-01-12T19:36:23+00:00","breadcrumb":{"@id":"https:\/\/madagascarinvest.com\/tsanta-fifaliana\/#breadcrumb"},"inLanguage":"fr-FR","potentialAction":[{"@type":"ReadAction","target":["https:\/\/madagascarinvest.com\/tsanta-fifaliana\/"]}]},{"@type":"ImageObject","inLanguage":"fr-FR","@id":"https:\/\/madagascarinvest.com\/tsanta-fifaliana\/#primaryimage","url":"https:\/\/madagascarinvest.com\/wp-content\/uploads\/2024\/08\/Tsanta-Fifaliana-LinkedIn.jpg","contentUrl":"https:\/\/madagascarinvest.com\/wp-content\/uploads\/2024\/08\/Tsanta-Fifaliana-LinkedIn.jpg"},{"@type":"BreadcrumbList","@id":"https:\/\/madagascarinvest.com\/tsanta-fifaliana\/#breadcrumb","itemListElement":[{"@type":"ListItem","position":1,"name":"Home","item":"https:\/\/madagascarinvest.com\/"},{"@type":"ListItem","position":2,"name":"Tsanta Fifaliana"}]},{"@type":"WebSite","@id":"https:\/\/madagascarinvest.com\/#website","url":"https:\/\/madagascarinvest.com\/","name":"Madagascar Invest","description":"","publisher":{"@id":"https:\/\/madagascarinvest.com\/#organization"},"potentialAction":[{"@type":"SearchAction","target":{"@type":"EntryPoint","urlTemplate":"https:\/\/madagascarinvest.com\/?s={search_term_string}"},"query-input":{"@type":"PropertyValueSpecification","valueRequired":true,"valueName":"search_term_string"}}],"inLanguage":"fr-FR"},{"@type":"Organization","@id":"https:\/\/madagascarinvest.com\/#organization","name":"Madagascar Invest","alternateName":"MG Invest","url":"https:\/\/madagascarinvest.com\/","logo":{"@type":"ImageObject","inLanguage":"fr-FR","@id":"https:\/\/madagascarinvest.com\/#\/schema\/logo\/image\/","url":"https:\/\/madagascarinvest.com\/wp-content\/uploads\/2024\/09\/cropped-Madagascar-Invest-Logo-06-scaled-1.jpg","contentUrl":"https:\/\/madagascarinvest.com\/wp-content\/uploads\/2024\/09\/cropped-Madagascar-Invest-Logo-06-scaled-1.jpg","width":512,"height":512,"caption":"Madagascar Invest"},"image":{"@id":"https:\/\/madagascarinvest.com\/#\/schema\/logo\/image\/"}}]}},"_links":{"self":[{"href":"https:\/\/madagascarinvest.com\/fr\/wp-json\/wp\/v2\/pages\/2047","targetHints":{"allow":["GET"]}}],"collection":[{"href":"https:\/\/madagascarinvest.com\/fr\/wp-json\/wp\/v2\/pages"}],"about":[{"href":"https:\/\/madagascarinvest.com\/fr\/wp-json\/wp\/v2\/types\/page"}],"author":[{"embeddable":true,"href":"https:\/\/madagascarinvest.com\/fr\/wp-json\/wp\/v2\/users\/1"}],"replies":[{"embeddable":true,"href":"https:\/\/madagascarinvest.com\/fr\/wp-json\/wp\/v2\/comments?post=2047"}],"version-history":[{"count":5,"href":"https:\/\/madagascarinvest.com\/fr\/wp-json\/wp\/v2\/pages\/2047\/revisions"}],"predecessor-version":[{"id":24724,"href":"https:\/\/madagascarinvest.com\/fr\/wp-json\/wp\/v2\/pages\/2047\/revisions\/24724"}],"wp:attachment":[{"href":"https:\/\/madagascarinvest.com\/fr\/wp-json\/wp\/v2\/media?parent=2047"}],"curies":[{"name":"wp","href":"https:\/\/api.w.org\/{rel}","templated":true}]}}