{"id":20462,"date":"2024-08-13T06:38:42","date_gmt":"2024-08-13T06:38:42","guid":{"rendered":"https:\/\/madagascarinvest.com\/?page_id=20462"},"modified":"2025-06-20T11:05:26","modified_gmt":"2025-06-20T11:05:26","slug":"blog","status":"publish","type":"page","link":"https:\/\/madagascarinvest.com\/fr\/blog\/","title":{"rendered":"Blog"},"content":{"rendered":"<div data-elementor-type=\"wp-page\" data-elementor-id=\"20462\" class=\"elementor elementor-20462\" data-elementor-post-type=\"page\">\n\t\t\t\t<div class=\"elementor-element elementor-element-53c8b719 e-con-full e-flex e-con e-parent\" data-id=\"53c8b719\" data-element_type=\"container\" data-e-type=\"container\">\n\t\t\r\n\t\t<div class=\"elementor-element elementor-element-762d2d6b elementor-grid-3 elementor-grid-tablet-2 elementor-grid-mobile-1 elementor-posts--thumbnail-top load-more-align-center elementor-widget elementor-widget-posts\" data-id=\"762d2d6b\" data-element_type=\"widget\" data-e-type=\"widget\" data-settings=\"{&quot;classic_row_gap&quot;:{&quot;unit&quot;:&quot;px&quot;,&quot;size&quot;:26,&quot;sizes&quot;:[]},&quot;pagination_type&quot;:&quot;load_more_on_click&quot;,&quot;classic_columns&quot;:&quot;3&quot;,&quot;classic_columns_tablet&quot;:&quot;2&quot;,&quot;classic_columns_mobile&quot;:&quot;1&quot;,&quot;classic_row_gap_tablet&quot;:{&quot;unit&quot;:&quot;px&quot;,&quot;size&quot;:&quot;&quot;,&quot;sizes&quot;:[]},&quot;classic_row_gap_mobile&quot;:{&quot;unit&quot;:&quot;px&quot;,&quot;size&quot;:&quot;&quot;,&quot;sizes&quot;:[]},&quot;load_more_spinner&quot;:{&quot;value&quot;:&quot;fas fa-spinner&quot;,&quot;library&quot;:&quot;fa-solid&quot;}}\" data-widget_type=\"posts.classic\">\n\t\t\t\t<div class=\"elementor-widget-container\">\n\t\t\t\t\t\t\t<div class=\"elementor-posts-container elementor-posts elementor-posts--skin-classic elementor-grid\" role=\"list\">\n\t\t\t\t<article class=\"elementor-post elementor-grid-item post-25705 post type-post status-publish format-standard has-post-thumbnail hentry category-blog th-blog blog-single has-post-thumbnail\" role=\"listitem\">\n\t\t\t\t<a class=\"elementor-post__thumbnail__link\" href=\"https:\/\/madagascarinvest.com\/fr\/investing-in-sainte-marie\/\" tabindex=\"-1\" >\n\t\t\t<div class=\"elementor-post__thumbnail\"><img fetchpriority=\"high\" decoding=\"async\" width=\"300\" height=\"169\" src=\"https:\/\/madagascarinvest.com\/wp-content\/uploads\/2026\/04\/Investing-in-Sainte-marie-300x169.jpg\" class=\"attachment-medium size-medium wp-image-25706\" alt=\"\" srcset=\"https:\/\/madagascarinvest.com\/wp-content\/uploads\/2026\/04\/Investing-in-Sainte-marie-300x169.jpg 300w, https:\/\/madagascarinvest.com\/wp-content\/uploads\/2026\/04\/Investing-in-Sainte-marie-1024x576.jpg 1024w, https:\/\/madagascarinvest.com\/wp-content\/uploads\/2026\/04\/Investing-in-Sainte-marie-768x432.jpg 768w, https:\/\/madagascarinvest.com\/wp-content\/uploads\/2026\/04\/Investing-in-Sainte-marie-1536x864.jpg 1536w, https:\/\/madagascarinvest.com\/wp-content\/uploads\/2026\/04\/Investing-in-Sainte-marie-18x10.jpg 18w, https:\/\/madagascarinvest.com\/wp-content\/uploads\/2026\/04\/Investing-in-Sainte-marie.jpg 1920w\" sizes=\"(max-width: 300px) 100vw, 300px\" \/><\/div>\n\t\t<\/a>\n\t\t\t\t<div class=\"elementor-post__text\">\n\t\t\t\t<h3 class=\"elementor-post__title\">\n\t\t\t<a href=\"https:\/\/madagascarinvest.com\/fr\/investing-in-sainte-marie\/\" >\n\t\t\t\tInvestir \u00e0 Sainte-Marie\t\t\t<\/a>\n\t\t<\/h3>\n\t\t\t\t<div class=\"elementor-post__meta-data\">\n\t\t\t\t\t<span class=\"elementor-post-date\">\n\t\t\t21 avril 2026\t\t<\/span>\n\t\t\t\t<\/div>\n\t\t\t\t\t<div class=\"elementor-post__read-more-wrapper\">\n\t\t\n\t\t<a class=\"elementor-post__read-more\" href=\"https:\/\/madagascarinvest.com\/fr\/investing-in-sainte-marie\/\" aria-label=\"En savoir plus sur Investing In Sainte Marie\" tabindex=\"-1\" >\n\t\t\tEn savoir plus &quot;\t\t<\/a>\n\n\t\t\t\t\t<\/div>\n\t\t\t\t<\/div>\n\t\t\t\t<\/article>\n\t\t\t\t<article class=\"elementor-post elementor-grid-item post-25701 post type-post status-publish format-standard has-post-thumbnail hentry category-blog th-blog blog-single has-post-thumbnail\" role=\"listitem\">\n\t\t\t\t<a class=\"elementor-post__thumbnail__link\" href=\"https:\/\/madagascarinvest.com\/fr\/how-to-move-to-madagascar\/\" tabindex=\"-1\" >\n\t\t\t<div class=\"elementor-post__thumbnail\"><img decoding=\"async\" width=\"300\" height=\"169\" src=\"https:\/\/madagascarinvest.com\/wp-content\/uploads\/2026\/04\/Move-to-Madagascar-300x169.jpg\" class=\"attachment-medium size-medium wp-image-25702\" alt=\"\" srcset=\"https:\/\/madagascarinvest.com\/wp-content\/uploads\/2026\/04\/Move-to-Madagascar-300x169.jpg 300w, https:\/\/madagascarinvest.com\/wp-content\/uploads\/2026\/04\/Move-to-Madagascar-1024x576.jpg 1024w, https:\/\/madagascarinvest.com\/wp-content\/uploads\/2026\/04\/Move-to-Madagascar-768x432.jpg 768w, https:\/\/madagascarinvest.com\/wp-content\/uploads\/2026\/04\/Move-to-Madagascar-1536x864.jpg 1536w, https:\/\/madagascarinvest.com\/wp-content\/uploads\/2026\/04\/Move-to-Madagascar-18x10.jpg 18w, https:\/\/madagascarinvest.com\/wp-content\/uploads\/2026\/04\/Move-to-Madagascar.jpg 1920w\" sizes=\"(max-width: 300px) 100vw, 300px\" \/><\/div>\n\t\t<\/a>\n\t\t\t\t<div class=\"elementor-post__text\">\n\t\t\t\t<h3 class=\"elementor-post__title\">\n\t\t\t<a href=\"https:\/\/madagascarinvest.com\/fr\/how-to-move-to-madagascar\/\" >\n\t\t\t\tComment s'installer \u00e0 Madagascar\t\t\t<\/a>\n\t\t<\/h3>\n\t\t\t\t<div class=\"elementor-post__meta-data\">\n\t\t\t\t\t<span class=\"elementor-post-date\">\n\t\t\t14 avril 2026\t\t<\/span>\n\t\t\t\t<\/div>\n\t\t\t\t\t<div class=\"elementor-post__read-more-wrapper\">\n\t\t\n\t\t<a class=\"elementor-post__read-more\" href=\"https:\/\/madagascarinvest.com\/fr\/how-to-move-to-madagascar\/\" aria-label=\"En savoir plus sur Comment d\u00e9m\u00e9nager \u00e0 Madagascar\" tabindex=\"-1\" >\n\t\t\tEn savoir plus &quot;\t\t<\/a>\n\n\t\t\t\t\t<\/div>\n\t\t\t\t<\/div>\n\t\t\t\t<\/article>\n\t\t\t\t<article class=\"elementor-post elementor-grid-item post-25659 post type-post status-publish format-standard has-post-thumbnail hentry category-blog th-blog blog-single has-post-thumbnail\" role=\"listitem\">\n\t\t\t\t<a class=\"elementor-post__thumbnail__link\" href=\"https:\/\/madagascarinvest.com\/fr\/cost-of-living-in-madagascar\/\" tabindex=\"-1\" >\n\t\t\t<div class=\"elementor-post__thumbnail\"><img decoding=\"async\" width=\"300\" height=\"169\" src=\"https:\/\/madagascarinvest.com\/wp-content\/uploads\/2026\/04\/Cost-of-Living-Madagascar-300x169.jpg\" class=\"attachment-medium size-medium wp-image-25660\" alt=\"\" srcset=\"https:\/\/madagascarinvest.com\/wp-content\/uploads\/2026\/04\/Cost-of-Living-Madagascar-300x169.jpg 300w, https:\/\/madagascarinvest.com\/wp-content\/uploads\/2026\/04\/Cost-of-Living-Madagascar-1024x576.jpg 1024w, https:\/\/madagascarinvest.com\/wp-content\/uploads\/2026\/04\/Cost-of-Living-Madagascar-768x432.jpg 768w, https:\/\/madagascarinvest.com\/wp-content\/uploads\/2026\/04\/Cost-of-Living-Madagascar-1536x864.jpg 1536w, https:\/\/madagascarinvest.com\/wp-content\/uploads\/2026\/04\/Cost-of-Living-Madagascar-18x10.jpg 18w, https:\/\/madagascarinvest.com\/wp-content\/uploads\/2026\/04\/Cost-of-Living-Madagascar.jpg 1920w\" sizes=\"(max-width: 300px) 100vw, 300px\" \/><\/div>\n\t\t<\/a>\n\t\t\t\t<div class=\"elementor-post__text\">\n\t\t\t\t<h3 class=\"elementor-post__title\">\n\t\t\t<a href=\"https:\/\/madagascarinvest.com\/fr\/cost-of-living-in-madagascar\/\" >\n\t\t\t\tCo\u00fbt de la vie \u00e0 Madagascar\t\t\t<\/a>\n\t\t<\/h3>\n\t\t\t\t<div class=\"elementor-post__meta-data\">\n\t\t\t\t\t<span class=\"elementor-post-date\">\n\t\t\t7 avril 2026\t\t<\/span>\n\t\t\t\t<\/div>\n\t\t\t\t\t<div class=\"elementor-post__read-more-wrapper\">\n\t\t\n\t\t<a class=\"elementor-post__read-more\" href=\"https:\/\/madagascarinvest.com\/fr\/cost-of-living-in-madagascar\/\" aria-label=\"En savoir plus sur Co\u00fbt de la vie \u00e0 Madagascar\" tabindex=\"-1\" >\n\t\t\tEn savoir plus &quot;\t\t<\/a>\n\n\t\t\t\t\t<\/div>\n\t\t\t\t<\/div>\n\t\t\t\t<\/article>\n\t\t\t\t<article class=\"elementor-post elementor-grid-item post-25610 post type-post status-publish format-standard has-post-thumbnail hentry category-blog th-blog blog-single has-post-thumbnail\" role=\"listitem\">\n\t\t\t\t<a class=\"elementor-post__thumbnail__link\" href=\"https:\/\/madagascarinvest.com\/fr\/investing-in-foulpointe\/\" tabindex=\"-1\" >\n\t\t\t<div class=\"elementor-post__thumbnail\"><img loading=\"lazy\" decoding=\"async\" width=\"300\" height=\"169\" src=\"https:\/\/madagascarinvest.com\/wp-content\/uploads\/2026\/03\/Investing-in-foulpointe-300x169.jpg\" class=\"attachment-medium size-medium wp-image-25614\" alt=\"\" srcset=\"https:\/\/madagascarinvest.com\/wp-content\/uploads\/2026\/03\/Investing-in-foulpointe-300x169.jpg 300w, https:\/\/madagascarinvest.com\/wp-content\/uploads\/2026\/03\/Investing-in-foulpointe-1024x576.jpg 1024w, https:\/\/madagascarinvest.com\/wp-content\/uploads\/2026\/03\/Investing-in-foulpointe-768x432.jpg 768w, https:\/\/madagascarinvest.com\/wp-content\/uploads\/2026\/03\/Investing-in-foulpointe-1536x864.jpg 1536w, https:\/\/madagascarinvest.com\/wp-content\/uploads\/2026\/03\/Investing-in-foulpointe-18x10.jpg 18w, https:\/\/madagascarinvest.com\/wp-content\/uploads\/2026\/03\/Investing-in-foulpointe.jpg 1920w\" sizes=\"(max-width: 300px) 100vw, 300px\" \/><\/div>\n\t\t<\/a>\n\t\t\t\t<div class=\"elementor-post__text\">\n\t\t\t\t<h3 class=\"elementor-post__title\">\n\t\t\t<a href=\"https:\/\/madagascarinvest.com\/fr\/investing-in-foulpointe\/\" >\n\t\t\t\tInvestir \u00e0 Foulpointe : Vie quotidienne et opportunit\u00e9s d&#039;affaires\t\t\t<\/a>\n\t\t<\/h3>\n\t\t\t\t<div class=\"elementor-post__meta-data\">\n\t\t\t\t\t<span class=\"elementor-post-date\">\n\t\t\t25 mars 2026\t\t<\/span>\n\t\t\t\t<\/div>\n\t\t\t\t\t<div class=\"elementor-post__read-more-wrapper\">\n\t\t\n\t\t<a class=\"elementor-post__read-more\" href=\"https:\/\/madagascarinvest.com\/fr\/investing-in-foulpointe\/\" aria-label=\"En savoir plus sur Investir \u00e0 Foulpointe : vie quotidienne et opportunit\u00e9s d&#039;affaires\" tabindex=\"-1\" >\n\t\t\tEn savoir plus &quot;\t\t<\/a>\n\n\t\t\t\t\t<\/div>\n\t\t\t\t<\/div>\n\t\t\t\t<\/article>\n\t\t\t\t<article class=\"elementor-post elementor-grid-item post-25561 post type-post status-publish format-standard has-post-thumbnail hentry category-blog th-blog blog-single has-post-thumbnail\" role=\"listitem\">\n\t\t\t\t<a class=\"elementor-post__thumbnail__link\" href=\"https:\/\/madagascarinvest.com\/fr\/what-you-need-to-know-before-moving-to-madagascar\/\" tabindex=\"-1\" >\n\t\t\t<div class=\"elementor-post__thumbnail\"><img loading=\"lazy\" decoding=\"async\" width=\"300\" height=\"169\" src=\"https:\/\/madagascarinvest.com\/wp-content\/uploads\/2026\/03\/What-you-need-to-know-before-moving-to-madagascar-1-300x169.jpg\" class=\"attachment-medium size-medium wp-image-25565\" alt=\"\" srcset=\"https:\/\/madagascarinvest.com\/wp-content\/uploads\/2026\/03\/What-you-need-to-know-before-moving-to-madagascar-1-300x169.jpg 300w, https:\/\/madagascarinvest.com\/wp-content\/uploads\/2026\/03\/What-you-need-to-know-before-moving-to-madagascar-1-1024x576.jpg 1024w, https:\/\/madagascarinvest.com\/wp-content\/uploads\/2026\/03\/What-you-need-to-know-before-moving-to-madagascar-1-768x432.jpg 768w, https:\/\/madagascarinvest.com\/wp-content\/uploads\/2026\/03\/What-you-need-to-know-before-moving-to-madagascar-1-1536x864.jpg 1536w, https:\/\/madagascarinvest.com\/wp-content\/uploads\/2026\/03\/What-you-need-to-know-before-moving-to-madagascar-1-18x10.jpg 18w, https:\/\/madagascarinvest.com\/wp-content\/uploads\/2026\/03\/What-you-need-to-know-before-moving-to-madagascar-1.jpg 1920w\" sizes=\"(max-width: 300px) 100vw, 300px\" \/><\/div>\n\t\t<\/a>\n\t\t\t\t<div class=\"elementor-post__text\">\n\t\t\t\t<h3 class=\"elementor-post__title\">\n\t\t\t<a href=\"https:\/\/madagascarinvest.com\/fr\/what-you-need-to-know-before-moving-to-madagascar\/\" >\n\t\t\t\tCe que vous devez savoir avant de d\u00e9m\u00e9nager \u00e0 Madagascar\t\t\t<\/a>\n\t\t<\/h3>\n\t\t\t\t<div class=\"elementor-post__meta-data\">\n\t\t\t\t\t<span class=\"elementor-post-date\">\n\t\t\t17 mars 2026\t\t<\/span>\n\t\t\t\t<\/div>\n\t\t\t\t\t<div class=\"elementor-post__read-more-wrapper\">\n\t\t\n\t\t<a class=\"elementor-post__read-more\" href=\"https:\/\/madagascarinvest.com\/fr\/what-you-need-to-know-before-moving-to-madagascar\/\" aria-label=\"En savoir plus sur Ce que vous devez savoir avant de d\u00e9m\u00e9nager \u00e0 Madagascar\" tabindex=\"-1\" >\n\t\t\tEn savoir plus &quot;\t\t<\/a>\n\n\t\t\t\t\t<\/div>\n\t\t\t\t<\/div>\n\t\t\t\t<\/article>\n\t\t\t\t<article class=\"elementor-post elementor-grid-item post-25266 post type-post status-publish format-standard has-post-thumbnail hentry category-blog th-blog blog-single has-post-thumbnail\" role=\"listitem\">\n\t\t\t\t<a class=\"elementor-post__thumbnail__link\" href=\"https:\/\/madagascarinvest.com\/fr\/madagascar-invest-real-estate-residency-program\/\" tabindex=\"-1\" >\n\t\t\t<div class=\"elementor-post__thumbnail\"><img loading=\"lazy\" decoding=\"async\" width=\"300\" height=\"169\" src=\"https:\/\/madagascarinvest.com\/wp-content\/uploads\/2026\/03\/Madagascar-Invest-Real-Estate-Residency-Program-300x169.jpg\" class=\"attachment-medium size-medium wp-image-25267\" alt=\"Image avec le titre superpos\u00e9 du programme de r\u00e9sidence immobili\u00e8re de Madagascar montrant 2 personnes \u00e9changeant des documents de demande de r\u00e9sidence\" srcset=\"https:\/\/madagascarinvest.com\/wp-content\/uploads\/2026\/03\/Madagascar-Invest-Real-Estate-Residency-Program-300x169.jpg 300w, https:\/\/madagascarinvest.com\/wp-content\/uploads\/2026\/03\/Madagascar-Invest-Real-Estate-Residency-Program-1024x576.jpg 1024w, https:\/\/madagascarinvest.com\/wp-content\/uploads\/2026\/03\/Madagascar-Invest-Real-Estate-Residency-Program-768x432.jpg 768w, https:\/\/madagascarinvest.com\/wp-content\/uploads\/2026\/03\/Madagascar-Invest-Real-Estate-Residency-Program-1536x864.jpg 1536w, https:\/\/madagascarinvest.com\/wp-content\/uploads\/2026\/03\/Madagascar-Invest-Real-Estate-Residency-Program-18x10.jpg 18w, https:\/\/madagascarinvest.com\/wp-content\/uploads\/2026\/03\/Madagascar-Invest-Real-Estate-Residency-Program.jpg 1920w\" sizes=\"(max-width: 300px) 100vw, 300px\" \/><\/div>\n\t\t<\/a>\n\t\t\t\t<div class=\"elementor-post__text\">\n\t\t\t\t<h3 class=\"elementor-post__title\">\n\t\t\t<a href=\"https:\/\/madagascarinvest.com\/fr\/madagascar-invest-real-estate-residency-program\/\" >\n\t\t\t\tProgramme de r\u00e9sidence immobili\u00e8re Madagascar Invest\u2122\t\t\t<\/a>\n\t\t<\/h3>\n\t\t\t\t<div class=\"elementor-post__meta-data\">\n\t\t\t\t\t<span class=\"elementor-post-date\">\n\t\t\t2 mars 2026\t\t<\/span>\n\t\t\t\t<\/div>\n\t\t\t\t\t<div class=\"elementor-post__read-more-wrapper\">\n\t\t\n\t\t<a class=\"elementor-post__read-more\" href=\"https:\/\/madagascarinvest.com\/fr\/madagascar-invest-real-estate-residency-program\/\" aria-label=\"En savoir plus sur Programme de r\u00e9sidence immobili\u00e8re Madagascar Invest\u2122\" tabindex=\"-1\" >\n\t\t\tEn savoir plus &quot;\t\t<\/a>\n\n\t\t\t\t\t<\/div>\n\t\t\t\t<\/div>\n\t\t\t\t<\/article>\n\t\t\t\t<\/div>\n\t\t\t\t\t<span class=\"e-load-more-spinner\">\n\t\t\t\t<svg aria-hidden=\"true\" class=\"e-font-icon-svg e-fas-spinner\" viewbox=\"0 0 512 512\" xmlns=\"http:\/\/www.w3.org\/2000\/svg\"><path d=\"M304 48c0 26.51-21.49 48-48 48s-48-21.49-48-48 21.49-48 48-48 48 21.49 48 48zm-48 368c-26.51 0-48 21.49-48 48s21.49 48 48 48 48-21.49 48-48-21.49-48-48-48zm208-208c-26.51 0-48 21.49-48 48s21.49 48 48 48 48-21.49 48-48-21.49-48-48-48zM96 256c0-26.51-21.49-48-48-48S0 229.49 0 256s21.49 48 48 48 48-21.49 48-48zm12.922 99.078c-26.51 0-48 21.49-48 48s21.49 48 48 48 48-21.49 48-48c0-26.509-21.491-48-48-48zm294.156 0c-26.51 0-48 21.49-48 48s21.49 48 48 48 48-21.49 48-48c0-26.509-21.49-48-48-48zM108.922 60.922c-26.51 0-48 21.49-48 48s21.49 48 48 48 48-21.49 48-48-21.491-48-48-48z\"><\/path><\/svg>\t\t\t<\/span>\n\t\t\n\t\t\t\t<div class=\"e-load-more-anchor\" data-page=\"1\" data-max-page=\"11\" data-next-page=\"https:\/\/madagascarinvest.com\/fr\/wp-json\/wp\/v2\/pages\/20462\/page\/2\/\"><\/div>\n\t\t\t\t<div class=\"elementor-button-wrapper\">\n\t\t\t<a class=\"elementor-button elementor-size-sm\" role=\"button\">\n\t\t\t\t\t\t<span class=\"elementor-button-content-wrapper\">\n\t\t\t\t\t\t\t\t\t<span class=\"elementor-button-text\">Charger plus<\/span>\n\t\t\t\t\t<\/span>\n\t\t\t\t\t<\/a>\n\t\t<\/div>\n\t\t\t\t<div class=\"e-load-more-message\"><\/div>\n\t\t\t\t\t\t<\/div>\n\t\t\t\t<\/div>\n\t\t\t\t<\/div>\n\t\t\t\t<\/div>","protected":false},"excerpt":{"rendered":"","protected":false},"author":1,"featured_media":0,"parent":0,"menu_order":0,"comment_status":"closed","ping_status":"closed","template":"","meta":{"footnotes":""},"class_list":["post-20462","page","type-page","status-publish","hentry","th-blog blog-single has-post-thumbnail"],"yoast_head":"<!-- This site is optimized with the Yoast SEO plugin v27.5 - https:\/\/yoast.com\/product\/yoast-seo-wordpress\/ -->\n<title>Madagascar Invest Blog &amp; Articles<\/title>\n<meta name=\"description\" content=\"Read all the latest articles for investors, expats, and people interested in doing business or relocating to Madagascar.\" \/>\n<meta name=\"robots\" content=\"index, follow, max-snippet:-1, max-image-preview:large, max-video-preview:-1\" \/>\n<link rel=\"canonical\" href=\"https:\/\/madagascarinvest.com\/fr\/blog\/\" \/>\n<meta property=\"og:locale\" content=\"fr_FR\" \/>\n<meta property=\"og:type\" content=\"article\" \/>\n<meta property=\"og:title\" content=\"Madagascar Invest Blog &amp; Articles\" \/>\n<meta property=\"og:description\" content=\"Read all the latest articles for investors, expats, and people interested in doing business or relocating to Madagascar.\" \/>\n<meta property=\"og:url\" content=\"https:\/\/madagascarinvest.com\/fr\/blog\/\" \/>\n<meta property=\"og:site_name\" content=\"Madagascar Invest\" \/>\n<meta property=\"article:modified_time\" content=\"2025-06-20T11:05:26+00:00\" \/>\n<meta property=\"og:image\" content=\"https:\/\/madagascarinvest.com\/wp-content\/uploads\/2025\/03\/md.png\" \/>\n\t<meta property=\"og:image:width\" content=\"1320\" \/>\n\t<meta property=\"og:image:height\" content=\"955\" \/>\n\t<meta property=\"og:image:type\" content=\"image\/png\" \/>\n<meta name=\"twitter:card\" content=\"summary_large_image\" \/>\n<meta name=\"twitter:label1\" content=\"Dur\u00e9e de lecture estim\u00e9e\" \/>\n\t<meta name=\"twitter:data1\" content=\"2 minutes\" \/>\n<script type=\"application\/ld+json\" class=\"yoast-schema-graph\">{\"@context\":\"https:\\\/\\\/schema.org\",\"@graph\":[{\"@type\":\"WebPage\",\"@id\":\"https:\\\/\\\/madagascarinvest.com\\\/blog\\\/\",\"url\":\"https:\\\/\\\/madagascarinvest.com\\\/blog\\\/\",\"name\":\"Madagascar Invest Blog & Articles\",\"isPartOf\":{\"@id\":\"https:\\\/\\\/madagascarinvest.com\\\/#website\"},\"datePublished\":\"2024-08-13T06:38:42+00:00\",\"dateModified\":\"2025-06-20T11:05:26+00:00\",\"description\":\"Read all the latest articles for investors, expats, and people interested in doing business or relocating to Madagascar.\",\"breadcrumb\":{\"@id\":\"https:\\\/\\\/madagascarinvest.com\\\/blog\\\/#breadcrumb\"},\"inLanguage\":\"fr-FR\",\"potentialAction\":[{\"@type\":\"ReadAction\",\"target\":[\"https:\\\/\\\/madagascarinvest.com\\\/blog\\\/\"]}]},{\"@type\":\"BreadcrumbList\",\"@id\":\"https:\\\/\\\/madagascarinvest.com\\\/blog\\\/#breadcrumb\",\"itemListElement\":[{\"@type\":\"ListItem\",\"position\":1,\"name\":\"Home\",\"item\":\"https:\\\/\\\/madagascarinvest.com\\\/\"},{\"@type\":\"ListItem\",\"position\":2,\"name\":\"Blog\"}]},{\"@type\":\"WebSite\",\"@id\":\"https:\\\/\\\/madagascarinvest.com\\\/#website\",\"url\":\"https:\\\/\\\/madagascarinvest.com\\\/\",\"name\":\"Madagascar Invest\",\"description\":\"\",\"publisher\":{\"@id\":\"https:\\\/\\\/madagascarinvest.com\\\/#organization\"},\"potentialAction\":[{\"@type\":\"SearchAction\",\"target\":{\"@type\":\"EntryPoint\",\"urlTemplate\":\"https:\\\/\\\/madagascarinvest.com\\\/?s={search_term_string}\"},\"query-input\":{\"@type\":\"PropertyValueSpecification\",\"valueRequired\":true,\"valueName\":\"search_term_string\"}}],\"inLanguage\":\"fr-FR\"},{\"@type\":\"Organization\",\"@id\":\"https:\\\/\\\/madagascarinvest.com\\\/#organization\",\"name\":\"Madagascar Invest\",\"alternateName\":\"MG Invest\",\"url\":\"https:\\\/\\\/madagascarinvest.com\\\/\",\"logo\":{\"@type\":\"ImageObject\",\"inLanguage\":\"fr-FR\",\"@id\":\"https:\\\/\\\/madagascarinvest.com\\\/#\\\/schema\\\/logo\\\/image\\\/\",\"url\":\"https:\\\/\\\/madagascarinvest.com\\\/wp-content\\\/uploads\\\/2024\\\/09\\\/cropped-Madagascar-Invest-Logo-06-scaled-1.jpg\",\"contentUrl\":\"https:\\\/\\\/madagascarinvest.com\\\/wp-content\\\/uploads\\\/2024\\\/09\\\/cropped-Madagascar-Invest-Logo-06-scaled-1.jpg\",\"width\":512,\"height\":512,\"caption\":\"Madagascar Invest\"},\"image\":{\"@id\":\"https:\\\/\\\/madagascarinvest.com\\\/#\\\/schema\\\/logo\\\/image\\\/\"}}]}<\/script>\n<!-- \/ Yoast SEO plugin. -->","yoast_head_json":{"title":"Blog et articles sur Madagascar Invest","description":"Lisez tous les derniers articles destin\u00e9s aux investisseurs, aux expatri\u00e9s et aux personnes int\u00e9ress\u00e9es \u00e0 faire des affaires ou \u00e0 s&#039;installer \u00e0 Madagascar.","robots":{"index":"index","follow":"follow","max-snippet":"max-snippet:-1","max-image-preview":"max-image-preview:large","max-video-preview":"max-video-preview:-1"},"canonical":"https:\/\/madagascarinvest.com\/fr\/blog\/","og_locale":"fr_FR","og_type":"article","og_title":"Madagascar Invest Blog & Articles","og_description":"Read all the latest articles for investors, expats, and people interested in doing business or relocating to Madagascar.","og_url":"https:\/\/madagascarinvest.com\/fr\/blog\/","og_site_name":"Madagascar Invest","article_modified_time":"2025-06-20T11:05:26+00:00","og_image":[{"width":1320,"height":955,"url":"https:\/\/madagascarinvest.com\/wp-content\/uploads\/2025\/03\/md.png","type":"image\/png"}],"twitter_card":"summary_large_image","twitter_misc":{"Dur\u00e9e de lecture estim\u00e9e":"2 minutes"},"schema":{"@context":"https:\/\/schema.org","@graph":[{"@type":"WebPage","@id":"https:\/\/madagascarinvest.com\/blog\/","url":"https:\/\/madagascarinvest.com\/blog\/","name":"Blog et articles sur Madagascar Invest","isPartOf":{"@id":"https:\/\/madagascarinvest.com\/#website"},"datePublished":"2024-08-13T06:38:42+00:00","dateModified":"2025-06-20T11:05:26+00:00","description":"Lisez tous les derniers articles destin\u00e9s aux investisseurs, aux expatri\u00e9s et aux personnes int\u00e9ress\u00e9es \u00e0 faire des affaires ou \u00e0 s&#039;installer \u00e0 Madagascar.","breadcrumb":{"@id":"https:\/\/madagascarinvest.com\/blog\/#breadcrumb"},"inLanguage":"fr-FR","potentialAction":[{"@type":"ReadAction","target":["https:\/\/madagascarinvest.com\/blog\/"]}]},{"@type":"BreadcrumbList","@id":"https:\/\/madagascarinvest.com\/blog\/#breadcrumb","itemListElement":[{"@type":"ListItem","position":1,"name":"Home","item":"https:\/\/madagascarinvest.com\/"},{"@type":"ListItem","position":2,"name":"Blog"}]},{"@type":"WebSite","@id":"https:\/\/madagascarinvest.com\/#website","url":"https:\/\/madagascarinvest.com\/","name":"Madagascar Invest","description":"","publisher":{"@id":"https:\/\/madagascarinvest.com\/#organization"},"potentialAction":[{"@type":"SearchAction","target":{"@type":"EntryPoint","urlTemplate":"https:\/\/madagascarinvest.com\/?s={search_term_string}"},"query-input":{"@type":"PropertyValueSpecification","valueRequired":true,"valueName":"search_term_string"}}],"inLanguage":"fr-FR"},{"@type":"Organization","@id":"https:\/\/madagascarinvest.com\/#organization","name":"Madagascar Invest","alternateName":"MG Invest","url":"https:\/\/madagascarinvest.com\/","logo":{"@type":"ImageObject","inLanguage":"fr-FR","@id":"https:\/\/madagascarinvest.com\/#\/schema\/logo\/image\/","url":"https:\/\/madagascarinvest.com\/wp-content\/uploads\/2024\/09\/cropped-Madagascar-Invest-Logo-06-scaled-1.jpg","contentUrl":"https:\/\/madagascarinvest.com\/wp-content\/uploads\/2024\/09\/cropped-Madagascar-Invest-Logo-06-scaled-1.jpg","width":512,"height":512,"caption":"Madagascar Invest"},"image":{"@id":"https:\/\/madagascarinvest.com\/#\/schema\/logo\/image\/"}}]}},"_links":{"self":[{"href":"https:\/\/madagascarinvest.com\/fr\/wp-json\/wp\/v2\/pages\/20462","targetHints":{"allow":["GET"]}}],"collection":[{"href":"https:\/\/madagascarinvest.com\/fr\/wp-json\/wp\/v2\/pages"}],"about":[{"href":"https:\/\/madagascarinvest.com\/fr\/wp-json\/wp\/v2\/types\/page"}],"author":[{"embeddable":true,"href":"https:\/\/madagascarinvest.com\/fr\/wp-json\/wp\/v2\/users\/1"}],"replies":[{"embeddable":true,"href":"https:\/\/madagascarinvest.com\/fr\/wp-json\/wp\/v2\/comments?post=20462"}],"version-history":[{"count":0,"href":"https:\/\/madagascarinvest.com\/fr\/wp-json\/wp\/v2\/pages\/20462\/revisions"}],"wp:attachment":[{"href":"https:\/\/madagascarinvest.com\/fr\/wp-json\/wp\/v2\/media?parent=20462"}],"curies":[{"name":"wp","href":"https:\/\/api.w.org\/{rel}","templated":true}]}}